{"id":977,"date":"2020-05-09T11:46:30","date_gmt":"2020-05-09T09:46:30","guid":{"rendered":"https:\/\/stardk.com\/CemaPhoto\/?post_type=product&#038;p=977"},"modified":"2025-01-31T15:40:18","modified_gmt":"2025-01-31T13:40:18","slug":"h-c-andersen-tegninger-1833-1834-lars-ravn-fortolkning-2016-2018","status":"publish","type":"product","link":"https:\/\/stardk.com\/CemaPhoto\/product\/h-c-andersen-tegninger-1833-1834-lars-ravn-fortolkning-2016-2018\/","title":{"rendered":"H.C. Andersen tegninger 1833-1834 \/ Lars Ravn fortolkning 2016-2018"},"content":{"rendered":"<p>Hans Christian Andersen (1805-1875) &#8211; Tegninger \u00a9 Odense Bys Museer \u201dP\u00e5 papir i en st\u00f8rrelse som nemt kunne rummes i en jakkelomme, tegnede H.C. Andersen p\u00e5 sine rejser i Europa med blyant scenerier, der vakte hans interesse. Hjemvendt fra dagens udflugter og spadsereture opridsede han i sit logi med bl\u00e6k sine skitser. Disse tegninger var ikke blot erstatninger for vor tids postkort med attraktive turistm\u00e5l; i sit forfatterskab gjorde H.C. Andersen flittig brug af tegningerne, som var de stemningsindtryk, der kunne m\u00e6ttes med ord. Man kan derfor fristes til at sammenligne udviklingen i digterens tegnekunst med udviklingen i digterens litter\u00e6re kunst. St\u00f8rsteparten af H.C. Andersens tegninger stammer fra hans to store rejser: &#8220;Dannelsesrejsen&#8221; til Italien 1833-34 og &#8220;Orientsrejsen&#8221; til Gr\u00e6kenland og Tyrkiet 1840-41&#8243;.<\/p>\n<p>Dette bog indeholder H.C. Andersen tegninger og Lars Ravn fortolkninger af disse tegninger. Odense Bys Museer har velvilligt stillet originale fotos af H.C. Andersens tegninger til r\u00e5dighed.<\/p>\n","protected":false},"excerpt":{"rendered":"<p>Dette bog (72 sider) indeholder H.C. Andersen tegninger og Lars Ravn fortolkninger af disse tegninger. Odense Bys Museer har velvilligt stillet originale fotos af H.C. Andersens tegninger til r\u00e5dighed.<\/p>\n","protected":false},"featured_media":978,"comment_status":"closed","ping_status":"closed","template":"","meta":{"om_disable_all_campaigns":false,"_monsterinsights_skip_tracking":false,"_monsterinsights_sitenote_active":false,"_monsterinsights_sitenote_note":"","_monsterinsights_sitenote_category":0,"_uf_show_specific_survey":0,"_uf_disable_surveys":false,"site-sidebar-layout":"default","site-content-layout":"default","ast-site-content-layout":"default","site-content-style":"default","site-sidebar-style":"default","ast-global-header-display":"","ast-banner-title-visibility":"","ast-main-header-display":"","ast-hfb-above-header-display":"","ast-hfb-below-header-display":"","ast-hfb-mobile-header-display":"","site-post-title":"","ast-breadcrumbs-content":"","ast-featured-img":"","footer-sml-layout":"","theme-transparent-header-meta":"default","adv-header-id-meta":"","stick-header-meta":"","header-above-stick-meta":"","header-main-stick-meta":"","header-below-stick-meta":"","astra-migrate-meta-layouts":"default","ast-page-background-enabled":"default","ast-page-background-meta":{"desktop":{"background-color":"","background-image":"","background-repeat":"repeat","background-position":"center center","background-size":"auto","background-attachment":"scroll","background-type":"","background-media":"","overlay-type":"","overlay-color":"","overlay-opacity":"","overlay-gradient":""},"tablet":{"background-color":"","background-image":"","background-repeat":"repeat","background-position":"center center","background-size":"auto","background-attachment":"scroll","background-type":"","background-media":"","overlay-type":"","overlay-color":"","overlay-opacity":"","overlay-gradient":""},"mobile":{"background-color":"","background-image":"","background-repeat":"repeat","background-position":"center center","background-size":"auto","background-attachment":"scroll","background-type":"","background-media":"","overlay-type":"","overlay-color":"","overlay-opacity":"","overlay-gradient":""}},"ast-content-background-meta":{"desktop":{"background-color":"var(--ast-global-color-5)","background-image":"","background-repeat":"repeat","background-position":"center center","background-size":"auto","background-attachment":"scroll","background-type":"","background-media":"","overlay-type":"","overlay-color":"","overlay-opacity":"","overlay-gradient":""},"tablet":{"background-color":"var(--ast-global-color-5)","background-image":"","background-repeat":"repeat","background-position":"center center","background-size":"auto","background-attachment":"scroll","background-type":"","background-media":"","overlay-type":"","overlay-color":"","overlay-opacity":"","overlay-gradient":""},"mobile":{"background-color":"var(--ast-global-color-5)","background-image":"","background-repeat":"repeat","background-position":"center center","background-size":"auto","background-attachment":"scroll","background-type":"","background-media":"","overlay-type":"","overlay-color":"","overlay-opacity":"","overlay-gradient":""}}},"product_brand":[],"product_cat":[27],"product_tag":[30,31],"class_list":{"0":"post-977","1":"product","2":"type-product","3":"status-publish","4":"has-post-thumbnail","6":"product_cat-boger","7":"product_tag-h-c-andersen","8":"product_tag-lars-ravn","9":"product_shipping_class-boger","10":"desktop-align-left","11":"tablet-align-left","12":"mobile-align-left","14":"first","15":"instock","16":"featured","17":"taxable","18":"shipping-taxable","19":"purchasable","20":"product-type-simple"},"aioseo_notices":[],"jetpack_sharing_enabled":true,"_links":{"self":[{"href":"https:\/\/stardk.com\/CemaPhoto\/wp-json\/wp\/v2\/product\/977","targetHints":{"allow":["GET"]}}],"collection":[{"href":"https:\/\/stardk.com\/CemaPhoto\/wp-json\/wp\/v2\/product"}],"about":[{"href":"https:\/\/stardk.com\/CemaPhoto\/wp-json\/wp\/v2\/types\/product"}],"replies":[{"embeddable":true,"href":"https:\/\/stardk.com\/CemaPhoto\/wp-json\/wp\/v2\/comments?post=977"}],"version-history":[{"count":2,"href":"https:\/\/stardk.com\/CemaPhoto\/wp-json\/wp\/v2\/product\/977\/revisions"}],"predecessor-version":[{"id":1013,"href":"https:\/\/stardk.com\/CemaPhoto\/wp-json\/wp\/v2\/product\/977\/revisions\/1013"}],"wp:featuredmedia":[{"embeddable":true,"href":"https:\/\/stardk.com\/CemaPhoto\/wp-json\/wp\/v2\/media\/978"}],"wp:attachment":[{"href":"https:\/\/stardk.com\/CemaPhoto\/wp-json\/wp\/v2\/media?parent=977"}],"wp:term":[{"taxonomy":"product_brand","embeddable":true,"href":"https:\/\/stardk.com\/CemaPhoto\/wp-json\/wp\/v2\/product_brand?post=977"},{"taxonomy":"product_cat","embeddable":true,"href":"https:\/\/stardk.com\/CemaPhoto\/wp-json\/wp\/v2\/product_cat?post=977"},{"taxonomy":"product_tag","embeddable":true,"href":"https:\/\/stardk.com\/CemaPhoto\/wp-json\/wp\/v2\/product_tag?post=977"}],"curies":[{"name":"wp","href":"https:\/\/api.w.org\/{rel}","templated":true}]}}