{"id":1849,"date":"2023-10-28T16:59:27","date_gmt":"2023-10-28T14:59:27","guid":{"rendered":"https:\/\/stardk.com\/CemaPhoto\/?post_type=product&#038;p=1849"},"modified":"2025-01-28T18:54:16","modified_gmt":"2025-01-28T16:54:16","slug":"artmoney-2023-007","status":"publish","type":"product","link":"https:\/\/stardk.com\/CemaPhoto\/product\/artmoney-2023-007\/","title":{"rendered":"ARTMONEY 2023-007"},"content":{"rendered":"<p>&#8220;ARTMONEY 2023-007&#8221; &#8211; 2023 A3 (30 x 42 cm) &#8211; Gicl\u00e9e Tryk, Canson ARCHES BFK Rives White Rag 310g &#8211; Tryk nr. 1\/6 og 2\/6. Signeret af Lars Kr\u00e6mmer &amp; Lars H.U.G.<\/p>\n<p><strong>Lars Kr\u00e6mmer:<\/strong> Da jeg opfandt ARTMONEY i december 1997, havde jeg ingen anelse om, at det skulle udvikle sig til en global, alternativ valuta. Jeg havde en ide om, at jeg med ARTMONEY kunne springe \u201dsalgs-leddet\u201d over og k\u00f8be mine varer direkte med kunst. S\u00e5ledes forestillede jeg mig et liv som \u201dfri kunstner.\u201d Jeg h\u00e5ber at ARTMONEY, som det har udviklet sig i dag, kan g\u00f8re kunstnere verden over i stand til at skabe sig en st\u00f8rre \u00f8konomisk frihed og samtidig s\u00e6tte dem i forbindelse med ligesindede fra forskellige kulturer via det brede netv\u00e6rk. M\u00e5ske ARTMONEY kan g\u00f8re verden en smule mere menneskelig med tiden?<\/p>\n<p>De senere \u00e5r har Kr\u00e6mmer i s\u00e6rdeleshed arbejdet n\u00e6rt sammen med Lars H.U.G., hvor de to kunstnere maler p\u00e5 det samme v\u00e6rk og s\u00e5ledes fremelsker en \u201dtredje stil.\u201d<\/p>\n<div style=\"width: 1280px;\" class=\"wp-video\"><video class=\"wp-video-shortcode\" id=\"video-1849-1\" width=\"1280\" height=\"720\" preload=\"metadata\" controls=\"controls\"><source type=\"video\/mp4\" src=\"https:\/\/stardk.com\/CemaPhoto\/wp-content\/uploads\/2020\/06\/www.VDyoutube.com-Kunstnertryk-af-L.mp4?_=1\" \/><a href=\"https:\/\/stardk.com\/CemaPhoto\/wp-content\/uploads\/2020\/06\/www.VDyoutube.com-Kunstnertryk-af-L.mp4\">https:\/\/stardk.com\/CemaPhoto\/wp-content\/uploads\/2020\/06\/www.VDyoutube.com-Kunstnertryk-af-L.mp4<\/a><\/video><\/div>\n","protected":false},"excerpt":{"rendered":"<p style=\"text-align: left;\">&#8220;ARTMONEY 2023&#8221; er produceret i et oplag af 6 stk. gicl\u00e9e tryk.<br \/>\nTryk nr. 1\/6 og tryk nr. 2\/6 udbydes her.<br \/>\n<strong>Signeret af Lars Kr\u00e6mmer &amp; Lars H.U.G.<\/strong><\/p>\n<p style=\"text-align: center;\"><strong>V\u00e6lg mellem:<\/strong><\/p>\n<ul>\n<li>Gicl\u00e9e Tryk p\u00e5 Canson ARCHES BFK Rives White Rag 310g &#8211; Signeret<\/li>\n<li>Sort passepartout Papermat White Core 40&#215;50 cm<\/li>\n<li>Fri forsendelse i Danmark<\/li>\n<\/ul>\n<p style=\"text-align: center;\"><strong>eller<\/strong><\/p>\n<ul>\n<li>Gicl\u00e9e Tryk p\u00e5 Canson ARCHES BFK White Rag 310g &#8211; Signeret<\/li>\n<li>Fri forsendelse i Danmark<\/li>\n<li>Sort passepartout Papermat White Core<\/li>\n<li>DUO f\u00e6rdigramme i EG 40&#215;50 (Glasm\u00e5l)<\/li>\n<li>True Color Super Clear Museumsglas<\/li>\n<\/ul>\n<p>&nbsp;<\/p>\n","protected":false},"featured_media":1817,"comment_status":"open","ping_status":"closed","template":"","meta":{"om_disable_all_campaigns":false,"_monsterinsights_skip_tracking":false,"_monsterinsights_sitenote_active":false,"_monsterinsights_sitenote_note":"","_monsterinsights_sitenote_category":0,"_uf_show_specific_survey":0,"_uf_disable_surveys":false,"site-sidebar-layout":"default","site-content-layout":"default","ast-site-content-layout":"default","site-content-style":"default","site-sidebar-style":"default","ast-global-header-display":"","ast-banner-title-visibility":"","ast-main-header-display":"","ast-hfb-above-header-display":"","ast-hfb-below-header-display":"","ast-hfb-mobile-header-display":"","site-post-title":"","ast-breadcrumbs-content":"","ast-featured-img":"","footer-sml-layout":"","theme-transparent-header-meta":"default","adv-header-id-meta":"","stick-header-meta":"","header-above-stick-meta":"","header-main-stick-meta":"","header-below-stick-meta":"","astra-migrate-meta-layouts":"set","ast-page-background-enabled":"default","ast-page-background-meta":{"desktop":{"background-color":"","background-image":"","background-repeat":"repeat","background-position":"center center","background-size":"auto","background-attachment":"scroll","background-type":"","background-media":"","overlay-type":"","overlay-color":"","overlay-opacity":"","overlay-gradient":""},"tablet":{"background-color":"","background-image":"","background-repeat":"repeat","background-position":"center center","background-size":"auto","background-attachment":"scroll","background-type":"","background-media":"","overlay-type":"","overlay-color":"","overlay-opacity":"","overlay-gradient":""},"mobile":{"background-color":"","background-image":"","background-repeat":"repeat","background-position":"center center","background-size":"auto","background-attachment":"scroll","background-type":"","background-media":"","overlay-type":"","overlay-color":"","overlay-opacity":"","overlay-gradient":""}},"ast-content-background-meta":{"desktop":{"background-color":"var(--ast-global-color-5)","background-image":"","background-repeat":"repeat","background-position":"center center","background-size":"auto","background-attachment":"scroll","background-type":"","background-media":"","overlay-type":"","overlay-color":"","overlay-opacity":"","overlay-gradient":""},"tablet":{"background-color":"var(--ast-global-color-5)","background-image":"","background-repeat":"repeat","background-position":"center center","background-size":"auto","background-attachment":"scroll","background-type":"","background-media":"","overlay-type":"","overlay-color":"","overlay-opacity":"","overlay-gradient":""},"mobile":{"background-color":"var(--ast-global-color-5)","background-image":"","background-repeat":"repeat","background-position":"center center","background-size":"auto","background-attachment":"scroll","background-type":"","background-media":"","overlay-type":"","overlay-color":"","overlay-opacity":"","overlay-gradient":""}}},"product_brand":[],"product_cat":[48,49],"product_tag":[50,40,52,51,41,42],"class_list":{"0":"post-1849","1":"product","2":"type-product","3":"status-publish","4":"has-post-thumbnail","6":"product_cat-gicleeprint-artmoney","7":"product_cat-lars-kraemmer-lars-h-u-g","8":"product_tag-artmoney","9":"product_tag-giclee","10":"product_tag-lars-h-u-g","11":"product_tag-lars-kraemmer","12":"product_tag-print","13":"product_tag-tryk","14":"product_shipping_class-fri-forsendelse","15":"desktop-align-left","16":"tablet-align-left","17":"mobile-align-left","19":"first","20":"instock","21":"featured","22":"sold-individually","23":"taxable","24":"shipping-taxable","25":"purchasable","26":"product-type-variable"},"aioseo_notices":[],"jetpack_sharing_enabled":true,"_links":{"self":[{"href":"https:\/\/stardk.com\/CemaPhoto\/wp-json\/wp\/v2\/product\/1849","targetHints":{"allow":["GET"]}}],"collection":[{"href":"https:\/\/stardk.com\/CemaPhoto\/wp-json\/wp\/v2\/product"}],"about":[{"href":"https:\/\/stardk.com\/CemaPhoto\/wp-json\/wp\/v2\/types\/product"}],"replies":[{"embeddable":true,"href":"https:\/\/stardk.com\/CemaPhoto\/wp-json\/wp\/v2\/comments?post=1849"}],"version-history":[{"count":2,"href":"https:\/\/stardk.com\/CemaPhoto\/wp-json\/wp\/v2\/product\/1849\/revisions"}],"predecessor-version":[{"id":2015,"href":"https:\/\/stardk.com\/CemaPhoto\/wp-json\/wp\/v2\/product\/1849\/revisions\/2015"}],"wp:featuredmedia":[{"embeddable":true,"href":"https:\/\/stardk.com\/CemaPhoto\/wp-json\/wp\/v2\/media\/1817"}],"wp:attachment":[{"href":"https:\/\/stardk.com\/CemaPhoto\/wp-json\/wp\/v2\/media?parent=1849"}],"wp:term":[{"taxonomy":"product_brand","embeddable":true,"href":"https:\/\/stardk.com\/CemaPhoto\/wp-json\/wp\/v2\/product_brand?post=1849"},{"taxonomy":"product_cat","embeddable":true,"href":"https:\/\/stardk.com\/CemaPhoto\/wp-json\/wp\/v2\/product_cat?post=1849"},{"taxonomy":"product_tag","embeddable":true,"href":"https:\/\/stardk.com\/CemaPhoto\/wp-json\/wp\/v2\/product_tag?post=1849"}],"curies":[{"name":"wp","href":"https:\/\/api.w.org\/{rel}","templated":true}]}}