{"id":1644,"date":"2020-12-30T15:42:54","date_gmt":"2020-12-30T13:42:54","guid":{"rendered":"https:\/\/stardk.com\/CemaPhoto\/?post_type=product&#038;p=1644"},"modified":"2025-01-30T17:38:22","modified_gmt":"2025-01-30T15:38:22","slug":"bjerghytten","status":"publish","type":"product","link":"https:\/\/stardk.com\/CemaPhoto\/product\/bjerghytten\/","title":{"rendered":"Bjerghytten"},"content":{"rendered":"<p>&#8220;Bjerghytten&#8221; (46 x 34 cm) 2016 &#8211; A3 gicl\u00e9e tryk (30 x 42 cm), Canson Velin Museum Rag 315g &#8211; Tryk nr. 1\/30 og 4\/30. Signeret af Lars Ravn<\/p>\n<p><strong>H.C. Andersens billedkunst fortolket af Lars Ravn<\/strong><\/p>\n<p><strong>Lars Ravn:<\/strong> &#8220;I en serie bevarede tegninger fra H.C. Andersens Europarejser genkender vi steder han har oplevet og bes\u00f8gt. Han skildrer med en fantastisk iagttagelsesevne. I starten vidste han vel n\u00e6ppe hvad han skulle bruge tegningerne til, men som det \u00e5bent s\u00f8gende menneske jeg mener at genkende i kunstneren H.C. Andersen, ville tegninger af det oplevede kunne bruges til mange forskellige ting. Det at tegne noget af, er jo at frar\u00f8ve det sete en del af dets sj\u00e6l og tage det med sig hjem. Jeg havde for mig selv skitseret nogle spilleregler:<\/p>\n<ol>\n<li>Jeg ville fors\u00f8ge at betragte H.C. Andersens skitser som om jeg selv havde tegnet dem. Det ville give en frihed i den videre bearbejdning.<\/li>\n<li><span style=\"font-size: 16px;\">Jeg ville ikke lede i H.C. Andersens tekst for at finde farverne i hans ofte maleriske og koloristiskes skrevne beretninger af landskaberne. Jeg \u00f8nskede at finde inspirationen til farvel\u00e6gningen af H.C. Andersens tegninger hos den Schweitzske billedkunstner Paul Klee. Det var mit \u00f8nske at l\u00e6re af Paul Klees frie t\u00e6nkning og bearbejdning af det enkelte billede han stod og skulle l\u00f8se. Jeg ville lede efter min frihed.<\/span><\/li>\n<li><span style=\"font-size: 16px;\">Der skulle indg\u00e5 en kanin i det endelige maleri. S\u00e5dan ca. blev det f\u00f8rste s\u00e6t \u201dspilleregler\u201d tilbage i efter\u00e5ret 2016 formuleret.&#8221;<\/span><\/li>\n<\/ol>\n<p>&nbsp;<\/p>\n","protected":false},"excerpt":{"rendered":"<p style=\"text-align: left;\">&#8220;Bjerghytten&#8221; (46 x 34 cm) 2016 &#8211; A3 gicl\u00e9e tryk (30 x 42 cm), Canson Velin Museum Rag 315g.<br \/>\nTryk nr. 1\/30 og 4\/30 udbydes her.<br \/>\n<strong>Signeret af Lars Ravn<\/strong><\/p>\n<p style=\"text-align: center;\"><strong>V\u00e6lg mellem:<\/strong><\/p>\n<ul>\n<li>Gicl\u00e9e Tryk p\u00e5 Canson Velin Museum Rag 315g &#8211; Signeret<\/li>\n<li>Sort passepartout Papermat White Core (40 x 50 cm)<\/li>\n<li>Kopi af H.C. Andersen tegning\/tekst der er forl\u00e6g til fortolkning &#8211; monteret i sort passepartout\/white core (30 x 40 cm)<\/li>\n<li>Bog: &#8220;H.C. Andersen tegninger 1833-1834 \/ Lars Ravn fortolkning 2016-2018&#8221;<\/li>\n<li>Fri forsendelse i Danmark<\/li>\n<\/ul>\n<p style=\"text-align: center;\"><strong>eller<\/strong><\/p>\n<ul>\n<li>Gicl\u00e9e Tryk p\u00e5 Canson Velin Museum Rag 315g &#8211; Signeret<\/li>\n<li>Sort passepartout Papermat White Core (40 x 50 cm)<\/li>\n<li>Kopi af H.C. Andersen tegning\/tekst der er forl\u00e6g til fortolkning &#8211; monteret i sort passepartout\/white core (30 x 40 cm)<\/li>\n<li>Bog: &#8220;H.C. Andersen tegninger 1833-1834 \/ Lars Ravn fortolkning 2016-2018&#8221;<\/li>\n<li>Fri forsendelse i Danmark<\/li>\n<li>DUO f\u00e6rdigramme i EG 40&#215;50 (Glasm\u00e5l)<\/li>\n<li>True Color Super Clear Museumsglas<\/li>\n<\/ul>\n<p>&nbsp;<\/p>\n","protected":false},"featured_media":1366,"comment_status":"open","ping_status":"closed","template":"","meta":{"om_disable_all_campaigns":false,"_monsterinsights_skip_tracking":false,"_monsterinsights_sitenote_active":false,"_monsterinsights_sitenote_note":"","_monsterinsights_sitenote_category":0,"_uf_show_specific_survey":0,"_uf_disable_surveys":false,"site-sidebar-layout":"default","site-content-layout":"default","ast-site-content-layout":"default","site-content-style":"default","site-sidebar-style":"default","ast-global-header-display":"","ast-banner-title-visibility":"","ast-main-header-display":"","ast-hfb-above-header-display":"","ast-hfb-below-header-display":"","ast-hfb-mobile-header-display":"","site-post-title":"","ast-breadcrumbs-content":"","ast-featured-img":"","footer-sml-layout":"","theme-transparent-header-meta":"default","adv-header-id-meta":"","stick-header-meta":"","header-above-stick-meta":"","header-main-stick-meta":"","header-below-stick-meta":"","astra-migrate-meta-layouts":"set","ast-page-background-enabled":"default","ast-page-background-meta":{"desktop":{"background-color":"","background-image":"","background-repeat":"repeat","background-position":"center center","background-size":"auto","background-attachment":"scroll","background-type":"","background-media":"","overlay-type":"","overlay-color":"","overlay-opacity":"","overlay-gradient":""},"tablet":{"background-color":"","background-image":"","background-repeat":"repeat","background-position":"center center","background-size":"auto","background-attachment":"scroll","background-type":"","background-media":"","overlay-type":"","overlay-color":"","overlay-opacity":"","overlay-gradient":""},"mobile":{"background-color":"","background-image":"","background-repeat":"repeat","background-position":"center center","background-size":"auto","background-attachment":"scroll","background-type":"","background-media":"","overlay-type":"","overlay-color":"","overlay-opacity":"","overlay-gradient":""}},"ast-content-background-meta":{"desktop":{"background-color":"var(--ast-global-color-5)","background-image":"","background-repeat":"repeat","background-position":"center center","background-size":"auto","background-attachment":"scroll","background-type":"","background-media":"","overlay-type":"","overlay-color":"","overlay-opacity":"","overlay-gradient":""},"tablet":{"background-color":"var(--ast-global-color-5)","background-image":"","background-repeat":"repeat","background-position":"center center","background-size":"auto","background-attachment":"scroll","background-type":"","background-media":"","overlay-type":"","overlay-color":"","overlay-opacity":"","overlay-gradient":""},"mobile":{"background-color":"var(--ast-global-color-5)","background-image":"","background-repeat":"repeat","background-position":"center center","background-size":"auto","background-attachment":"scroll","background-type":"","background-media":"","overlay-type":"","overlay-color":"","overlay-opacity":"","overlay-gradient":""}}},"product_brand":[],"product_cat":[22,23],"product_tag":[40,31,41,42],"class_list":{"0":"post-1644","1":"product","2":"type-product","3":"status-publish","4":"has-post-thumbnail","6":"product_cat-gicleeprint","7":"product_cat-lars-ravn","8":"product_tag-giclee","9":"product_tag-lars-ravn","10":"product_tag-print","11":"product_tag-tryk","12":"product_shipping_class-fri-forsendelse","13":"desktop-align-left","14":"tablet-align-left","15":"mobile-align-left","17":"first","18":"instock","19":"featured","20":"sold-individually","21":"taxable","22":"shipping-taxable","23":"purchasable","24":"product-type-variable"},"aioseo_notices":[],"jetpack_sharing_enabled":true,"_links":{"self":[{"href":"https:\/\/stardk.com\/CemaPhoto\/wp-json\/wp\/v2\/product\/1644","targetHints":{"allow":["GET"]}}],"collection":[{"href":"https:\/\/stardk.com\/CemaPhoto\/wp-json\/wp\/v2\/product"}],"about":[{"href":"https:\/\/stardk.com\/CemaPhoto\/wp-json\/wp\/v2\/types\/product"}],"replies":[{"embeddable":true,"href":"https:\/\/stardk.com\/CemaPhoto\/wp-json\/wp\/v2\/comments?post=1644"}],"version-history":[{"count":1,"href":"https:\/\/stardk.com\/CemaPhoto\/wp-json\/wp\/v2\/product\/1644\/revisions"}],"predecessor-version":[{"id":1647,"href":"https:\/\/stardk.com\/CemaPhoto\/wp-json\/wp\/v2\/product\/1644\/revisions\/1647"}],"wp:featuredmedia":[{"embeddable":true,"href":"https:\/\/stardk.com\/CemaPhoto\/wp-json\/wp\/v2\/media\/1366"}],"wp:attachment":[{"href":"https:\/\/stardk.com\/CemaPhoto\/wp-json\/wp\/v2\/media?parent=1644"}],"wp:term":[{"taxonomy":"product_brand","embeddable":true,"href":"https:\/\/stardk.com\/CemaPhoto\/wp-json\/wp\/v2\/product_brand?post=1644"},{"taxonomy":"product_cat","embeddable":true,"href":"https:\/\/stardk.com\/CemaPhoto\/wp-json\/wp\/v2\/product_cat?post=1644"},{"taxonomy":"product_tag","embeddable":true,"href":"https:\/\/stardk.com\/CemaPhoto\/wp-json\/wp\/v2\/product_tag?post=1644"}],"curies":[{"name":"wp","href":"https:\/\/api.w.org\/{rel}","templated":true}]}}