{"id":1306,"date":"2020-07-07T10:53:17","date_gmt":"2020-07-07T08:53:17","guid":{"rendered":"https:\/\/stardk.com\/CemaPhoto\/?post_type=product&#038;p=1306"},"modified":"2025-01-31T13:25:34","modified_gmt":"2025-01-31T11:25:34","slug":"ugle-pa-rov","status":"publish","type":"product","link":"https:\/\/stardk.com\/CemaPhoto\/product\/ugle-pa-rov\/","title":{"rendered":"Ugle p\u00e5 rov"},"content":{"rendered":"<p>&#8220;Ugle p\u00e5 rov&#8221; (95 x 124 cm) 1991 &#8211; A3 gicl\u00e9e tryk (30 x 42 cm), Canson Velin Museum Rag 315g &#8211; Tryk nr. 1\/30. Signeret af Lars Ravn<\/p>\n<p>&nbsp;<\/p>\n","protected":false},"excerpt":{"rendered":"<p style=\"text-align: left;\">&#8220;Ugle p\u00e5 rov&#8221; (95 x 124 cm) 1991 &#8211; A3 gicl\u00e9e tryk (30 x 42 cm).<br \/>\nTryk nr. 1\/30 udbydes her.<br \/>\n<strong>Signeret af Lars Ravn<\/strong><\/p>\n<p style=\"text-align: center;\"><strong>V\u00e6lg mellem:<\/strong><\/p>\n<ul>\n<li>Gicl\u00e9e Tryk p\u00e5 Canson Velin Museum Rag 315g &#8211; Signeret<\/li>\n<li>Sort passepartout Papermat White Core 40&#215;50 cm<\/li>\n<li>Fri forsendelse i Danmark<\/li>\n<\/ul>\n<p style=\"text-align: center;\"><strong>eller<\/strong><\/p>\n<ul>\n<li>Gicl\u00e9e Tryk p\u00e5 Canson Velin Museum Rag 315g &#8211; Signeret<\/li>\n<li>Fri forsendelse i Danmark<\/li>\n<li>Sort passepartout Papermat White Core<\/li>\n<li>DUO f\u00e6rdigramme i EG 40&#215;50 (Glasm\u00e5l)<\/li>\n<li>True Color Super Clear Museumsglas<\/li>\n<\/ul>\n<p>&nbsp;<\/p>\n","protected":false},"featured_media":1053,"comment_status":"open","ping_status":"closed","template":"","meta":{"om_disable_all_campaigns":false,"_monsterinsights_skip_tracking":false,"_monsterinsights_sitenote_active":false,"_monsterinsights_sitenote_note":"","_monsterinsights_sitenote_category":0,"_uf_show_specific_survey":0,"_uf_disable_surveys":false,"site-sidebar-layout":"default","site-content-layout":"default","ast-site-content-layout":"default","site-content-style":"default","site-sidebar-style":"default","ast-global-header-display":"","ast-banner-title-visibility":"","ast-main-header-display":"","ast-hfb-above-header-display":"","ast-hfb-below-header-display":"","ast-hfb-mobile-header-display":"","site-post-title":"","ast-breadcrumbs-content":"","ast-featured-img":"","footer-sml-layout":"","theme-transparent-header-meta":"default","adv-header-id-meta":"","stick-header-meta":"","header-above-stick-meta":"","header-main-stick-meta":"","header-below-stick-meta":"","astra-migrate-meta-layouts":"set","ast-page-background-enabled":"default","ast-page-background-meta":{"desktop":{"background-color":"","background-image":"","background-repeat":"repeat","background-position":"center center","background-size":"auto","background-attachment":"scroll","background-type":"","background-media":"","overlay-type":"","overlay-color":"","overlay-opacity":"","overlay-gradient":""},"tablet":{"background-color":"","background-image":"","background-repeat":"repeat","background-position":"center center","background-size":"auto","background-attachment":"scroll","background-type":"","background-media":"","overlay-type":"","overlay-color":"","overlay-opacity":"","overlay-gradient":""},"mobile":{"background-color":"","background-image":"","background-repeat":"repeat","background-position":"center center","background-size":"auto","background-attachment":"scroll","background-type":"","background-media":"","overlay-type":"","overlay-color":"","overlay-opacity":"","overlay-gradient":""}},"ast-content-background-meta":{"desktop":{"background-color":"var(--ast-global-color-5)","background-image":"","background-repeat":"repeat","background-position":"center center","background-size":"auto","background-attachment":"scroll","background-type":"","background-media":"","overlay-type":"","overlay-color":"","overlay-opacity":"","overlay-gradient":""},"tablet":{"background-color":"var(--ast-global-color-5)","background-image":"","background-repeat":"repeat","background-position":"center center","background-size":"auto","background-attachment":"scroll","background-type":"","background-media":"","overlay-type":"","overlay-color":"","overlay-opacity":"","overlay-gradient":""},"mobile":{"background-color":"var(--ast-global-color-5)","background-image":"","background-repeat":"repeat","background-position":"center center","background-size":"auto","background-attachment":"scroll","background-type":"","background-media":"","overlay-type":"","overlay-color":"","overlay-opacity":"","overlay-gradient":""}}},"product_brand":[],"product_cat":[22,23],"product_tag":[40,31,41,42],"class_list":{"0":"post-1306","1":"product","2":"type-product","3":"status-publish","4":"has-post-thumbnail","6":"product_cat-gicleeprint","7":"product_cat-lars-ravn","8":"product_tag-giclee","9":"product_tag-lars-ravn","10":"product_tag-print","11":"product_tag-tryk","12":"product_shipping_class-fri-forsendelse","13":"desktop-align-left","14":"tablet-align-left","15":"mobile-align-left","17":"first","18":"instock","19":"featured","20":"sold-individually","21":"taxable","22":"shipping-taxable","23":"purchasable","24":"product-type-variable"},"aioseo_notices":[],"jetpack_sharing_enabled":true,"_links":{"self":[{"href":"https:\/\/stardk.com\/CemaPhoto\/wp-json\/wp\/v2\/product\/1306","targetHints":{"allow":["GET"]}}],"collection":[{"href":"https:\/\/stardk.com\/CemaPhoto\/wp-json\/wp\/v2\/product"}],"about":[{"href":"https:\/\/stardk.com\/CemaPhoto\/wp-json\/wp\/v2\/types\/product"}],"replies":[{"embeddable":true,"href":"https:\/\/stardk.com\/CemaPhoto\/wp-json\/wp\/v2\/comments?post=1306"}],"version-history":[{"count":2,"href":"https:\/\/stardk.com\/CemaPhoto\/wp-json\/wp\/v2\/product\/1306\/revisions"}],"predecessor-version":[{"id":2034,"href":"https:\/\/stardk.com\/CemaPhoto\/wp-json\/wp\/v2\/product\/1306\/revisions\/2034"}],"wp:featuredmedia":[{"embeddable":true,"href":"https:\/\/stardk.com\/CemaPhoto\/wp-json\/wp\/v2\/media\/1053"}],"wp:attachment":[{"href":"https:\/\/stardk.com\/CemaPhoto\/wp-json\/wp\/v2\/media?parent=1306"}],"wp:term":[{"taxonomy":"product_brand","embeddable":true,"href":"https:\/\/stardk.com\/CemaPhoto\/wp-json\/wp\/v2\/product_brand?post=1306"},{"taxonomy":"product_cat","embeddable":true,"href":"https:\/\/stardk.com\/CemaPhoto\/wp-json\/wp\/v2\/product_cat?post=1306"},{"taxonomy":"product_tag","embeddable":true,"href":"https:\/\/stardk.com\/CemaPhoto\/wp-json\/wp\/v2\/product_tag?post=1306"}],"curies":[{"name":"wp","href":"https:\/\/api.w.org\/{rel}","templated":true}]}}