{"id":1101,"date":"2020-05-11T22:55:50","date_gmt":"2020-05-11T20:55:50","guid":{"rendered":"https:\/\/stardk.com\/CemaPhoto\/?post_type=product&#038;p=1101"},"modified":"2025-01-31T15:22:51","modified_gmt":"2025-01-31T13:22:51","slug":"passepartout-udskaering","status":"publish","type":"product","link":"https:\/\/stardk.com\/CemaPhoto\/product\/passepartout-udskaering\/","title":{"rendered":"Passepartout udsk\u00e6ring"},"content":{"rendered":"<p>Udsk\u00e6ring af passepartout i st\u00f8rrelser til 80&#215;120 cm<\/p>\n<ul>\n<li>Papermat White Core: Sort 4089 &#8211; 1,4 mm. Hvid kerne, &#8220;syrefri&#8221; neutral PH-v\u00e6rdi<\/li>\n<li>Papermat White Core: Hvid\/Porcelain 4754 &#8211; 1,4 mm. Hvid kerne, &#8220;syrefri&#8221; neutral PH-v\u00e6rdi<\/li>\n<li>MSK Natur: Hvid (1500 g) 90236 &#8211; 2,0 mm. Hvid syrefri karton uden d\u00e6kpapir<\/li>\n<\/ul>\n","protected":false},"excerpt":{"rendered":"<p><strong>Husk: Local pickup<\/strong><\/p>\n<p>Udsk\u00e6ring af passepartout i st\u00f8rrelser til 80&#215;120 cm<\/p>\n<p>Produktet skal afhentes hos: CemaPhoto &#8211; Gr\u00e6se Bygade 8D &#8211; 3600 Frederikssund<\/p>\n<p>Hvis du skal bruge andre st\u00f8rrelser\/typer end de valgbare &#8211; kontakt mig<\/p>\n<p>Du vil blive kontaktet vedr\u00f8rende billede information<\/p>\n","protected":false},"featured_media":1082,"comment_status":"open","ping_status":"closed","template":"","meta":{"om_disable_all_campaigns":false,"_monsterinsights_skip_tracking":false,"_monsterinsights_sitenote_active":false,"_monsterinsights_sitenote_note":"","_monsterinsights_sitenote_category":0,"_uf_show_specific_survey":0,"_uf_disable_surveys":false,"site-sidebar-layout":"default","site-content-layout":"default","ast-site-content-layout":"default","site-content-style":"default","site-sidebar-style":"default","ast-global-header-display":"","ast-banner-title-visibility":"","ast-main-header-display":"","ast-hfb-above-header-display":"","ast-hfb-below-header-display":"","ast-hfb-mobile-header-display":"","site-post-title":"","ast-breadcrumbs-content":"","ast-featured-img":"","footer-sml-layout":"","theme-transparent-header-meta":"default","adv-header-id-meta":"","stick-header-meta":"","header-above-stick-meta":"","header-main-stick-meta":"","header-below-stick-meta":"","astra-migrate-meta-layouts":"set","ast-page-background-enabled":"default","ast-page-background-meta":{"desktop":{"background-color":"","background-image":"","background-repeat":"repeat","background-position":"center center","background-size":"auto","background-attachment":"scroll","background-type":"","background-media":"","overlay-type":"","overlay-color":"","overlay-opacity":"","overlay-gradient":""},"tablet":{"background-color":"","background-image":"","background-repeat":"repeat","background-position":"center center","background-size":"auto","background-attachment":"scroll","background-type":"","background-media":"","overlay-type":"","overlay-color":"","overlay-opacity":"","overlay-gradient":""},"mobile":{"background-color":"","background-image":"","background-repeat":"repeat","background-position":"center center","background-size":"auto","background-attachment":"scroll","background-type":"","background-media":"","overlay-type":"","overlay-color":"","overlay-opacity":"","overlay-gradient":""}},"ast-content-background-meta":{"desktop":{"background-color":"var(--ast-global-color-5)","background-image":"","background-repeat":"repeat","background-position":"center center","background-size":"auto","background-attachment":"scroll","background-type":"","background-media":"","overlay-type":"","overlay-color":"","overlay-opacity":"","overlay-gradient":""},"tablet":{"background-color":"var(--ast-global-color-5)","background-image":"","background-repeat":"repeat","background-position":"center center","background-size":"auto","background-attachment":"scroll","background-type":"","background-media":"","overlay-type":"","overlay-color":"","overlay-opacity":"","overlay-gradient":""},"mobile":{"background-color":"var(--ast-global-color-5)","background-image":"","background-repeat":"repeat","background-position":"center center","background-size":"auto","background-attachment":"scroll","background-type":"","background-media":"","overlay-type":"","overlay-color":"","overlay-opacity":"","overlay-gradient":""}}},"product_brand":[],"product_cat":[28],"product_tag":[46],"class_list":{"0":"post-1101","1":"product","2":"type-product","3":"status-publish","4":"has-post-thumbnail","6":"product_cat-rammerglaspassepartout","7":"product_tag-passepartout","8":"product_shipping_class-rammer-og-glas","9":"desktop-align-left","10":"tablet-align-left","11":"mobile-align-left","13":"first","14":"instock","15":"featured","16":"taxable","17":"shipping-taxable","18":"purchasable","19":"product-type-variable"},"aioseo_notices":[],"jetpack_sharing_enabled":true,"_links":{"self":[{"href":"https:\/\/stardk.com\/CemaPhoto\/wp-json\/wp\/v2\/product\/1101","targetHints":{"allow":["GET"]}}],"collection":[{"href":"https:\/\/stardk.com\/CemaPhoto\/wp-json\/wp\/v2\/product"}],"about":[{"href":"https:\/\/stardk.com\/CemaPhoto\/wp-json\/wp\/v2\/types\/product"}],"replies":[{"embeddable":true,"href":"https:\/\/stardk.com\/CemaPhoto\/wp-json\/wp\/v2\/comments?post=1101"}],"version-history":[{"count":3,"href":"https:\/\/stardk.com\/CemaPhoto\/wp-json\/wp\/v2\/product\/1101\/revisions"}],"predecessor-version":[{"id":1119,"href":"https:\/\/stardk.com\/CemaPhoto\/wp-json\/wp\/v2\/product\/1101\/revisions\/1119"}],"wp:featuredmedia":[{"embeddable":true,"href":"https:\/\/stardk.com\/CemaPhoto\/wp-json\/wp\/v2\/media\/1082"}],"wp:attachment":[{"href":"https:\/\/stardk.com\/CemaPhoto\/wp-json\/wp\/v2\/media?parent=1101"}],"wp:term":[{"taxonomy":"product_brand","embeddable":true,"href":"https:\/\/stardk.com\/CemaPhoto\/wp-json\/wp\/v2\/product_brand?post=1101"},{"taxonomy":"product_cat","embeddable":true,"href":"https:\/\/stardk.com\/CemaPhoto\/wp-json\/wp\/v2\/product_cat?post=1101"},{"taxonomy":"product_tag","embeddable":true,"href":"https:\/\/stardk.com\/CemaPhoto\/wp-json\/wp\/v2\/product_tag?post=1101"}],"curies":[{"name":"wp","href":"https:\/\/api.w.org\/{rel}","templated":true}]}}