{"id":1078,"date":"2020-05-11T20:58:02","date_gmt":"2020-05-11T18:58:02","guid":{"rendered":"https:\/\/stardk.com\/CemaPhoto\/?post_type=product&#038;p=1078"},"modified":"2025-01-31T15:38:44","modified_gmt":"2025-01-31T13:38:44","slug":"duo-rammer","status":"publish","type":"product","link":"https:\/\/stardk.com\/CemaPhoto\/product\/duo-rammer\/","title":{"rendered":"DUO Rammer"},"content":{"rendered":"<p>NielsenBrainbridge DUO f\u00e6rdigrammen er en elegant st\u00e6rk ramme med tr\u00e6 finish!<br \/>\n&#8211; H\u00f8j kvalitet til en lav pris<br \/>\n&#8211; DUO er lavet i aluminium belagt med en tr\u00e6finish i lys EG<br \/>\n&#8211; DUO er produceret i Tyskland og takket v\u00e6re stabiliteten af aluminium, er det muligt at producere en trendy tynd ramme i tr\u00e6design i store st\u00f8rrelser<\/p>\n<p>DUO findes i f\u00f8lgende m\u00e5l &#8211; Glasm\u00e5l i cm.<br \/>\n10&#215;15<br \/>\n13&#215;18<br \/>\n14,8&#215;21 A5<br \/>\n18&#215;24<br \/>\n21&#215;29,7 A4<br \/>\n24&#215;30<br \/>\n29,7&#215;42,0 A3<br \/>\n30&#215;40<br \/>\n40&#215;50<br \/>\n50&#215;70<br \/>\n60&#215;80<br \/>\n70&#215;100<\/p>\n","protected":false},"excerpt":{"rendered":"<p><strong>Husk: Local pickup<\/strong><\/p>\n<p>NielsenBrainbridge DUO f\u00e6rdigrammen er en elegant st\u00e6rk ramme med tr\u00e6 finish!<\/p>\n<p>Produktet skal afhentes hos: CemaPhoto &#8211; Gr\u00e6se Bygade 8D &#8211; 3600 Frederikssund<\/p>\n<p>Hvis du skal bruge andre rammest\u00f8rrelser end de valgbare &#8211; kontakt mig<\/p>\n","protected":false},"featured_media":1087,"comment_status":"open","ping_status":"closed","template":"","meta":{"om_disable_all_campaigns":false,"_monsterinsights_skip_tracking":false,"_monsterinsights_sitenote_active":false,"_monsterinsights_sitenote_note":"","_monsterinsights_sitenote_category":0,"_uf_show_specific_survey":0,"_uf_disable_surveys":false,"site-sidebar-layout":"default","site-content-layout":"default","ast-site-content-layout":"default","site-content-style":"default","site-sidebar-style":"default","ast-global-header-display":"","ast-banner-title-visibility":"","ast-main-header-display":"","ast-hfb-above-header-display":"","ast-hfb-below-header-display":"","ast-hfb-mobile-header-display":"","site-post-title":"","ast-breadcrumbs-content":"","ast-featured-img":"","footer-sml-layout":"","theme-transparent-header-meta":"default","adv-header-id-meta":"","stick-header-meta":"","header-above-stick-meta":"","header-main-stick-meta":"","header-below-stick-meta":"","astra-migrate-meta-layouts":"set","ast-page-background-enabled":"default","ast-page-background-meta":{"desktop":{"background-color":"","background-image":"","background-repeat":"repeat","background-position":"center center","background-size":"auto","background-attachment":"scroll","background-type":"","background-media":"","overlay-type":"","overlay-color":"","overlay-opacity":"","overlay-gradient":""},"tablet":{"background-color":"","background-image":"","background-repeat":"repeat","background-position":"center center","background-size":"auto","background-attachment":"scroll","background-type":"","background-media":"","overlay-type":"","overlay-color":"","overlay-opacity":"","overlay-gradient":""},"mobile":{"background-color":"","background-image":"","background-repeat":"repeat","background-position":"center center","background-size":"auto","background-attachment":"scroll","background-type":"","background-media":"","overlay-type":"","overlay-color":"","overlay-opacity":"","overlay-gradient":""}},"ast-content-background-meta":{"desktop":{"background-color":"var(--ast-global-color-5)","background-image":"","background-repeat":"repeat","background-position":"center center","background-size":"auto","background-attachment":"scroll","background-type":"","background-media":"","overlay-type":"","overlay-color":"","overlay-opacity":"","overlay-gradient":""},"tablet":{"background-color":"var(--ast-global-color-5)","background-image":"","background-repeat":"repeat","background-position":"center center","background-size":"auto","background-attachment":"scroll","background-type":"","background-media":"","overlay-type":"","overlay-color":"","overlay-opacity":"","overlay-gradient":""},"mobile":{"background-color":"var(--ast-global-color-5)","background-image":"","background-repeat":"repeat","background-position":"center center","background-size":"auto","background-attachment":"scroll","background-type":"","background-media":"","overlay-type":"","overlay-color":"","overlay-opacity":"","overlay-gradient":""}}},"product_brand":[],"product_cat":[28],"product_tag":[44],"class_list":{"0":"post-1078","1":"product","2":"type-product","3":"status-publish","4":"has-post-thumbnail","6":"product_cat-rammerglaspassepartout","7":"product_tag-rammer","8":"product_shipping_class-rammer-og-glas","9":"desktop-align-left","10":"tablet-align-left","11":"mobile-align-left","13":"first","14":"instock","15":"featured","16":"taxable","17":"shipping-taxable","18":"purchasable","19":"product-type-variable"},"aioseo_notices":[],"jetpack_sharing_enabled":true,"_links":{"self":[{"href":"https:\/\/stardk.com\/CemaPhoto\/wp-json\/wp\/v2\/product\/1078","targetHints":{"allow":["GET"]}}],"collection":[{"href":"https:\/\/stardk.com\/CemaPhoto\/wp-json\/wp\/v2\/product"}],"about":[{"href":"https:\/\/stardk.com\/CemaPhoto\/wp-json\/wp\/v2\/types\/product"}],"replies":[{"embeddable":true,"href":"https:\/\/stardk.com\/CemaPhoto\/wp-json\/wp\/v2\/comments?post=1078"}],"version-history":[{"count":6,"href":"https:\/\/stardk.com\/CemaPhoto\/wp-json\/wp\/v2\/product\/1078\/revisions"}],"predecessor-version":[{"id":1167,"href":"https:\/\/stardk.com\/CemaPhoto\/wp-json\/wp\/v2\/product\/1078\/revisions\/1167"}],"wp:featuredmedia":[{"embeddable":true,"href":"https:\/\/stardk.com\/CemaPhoto\/wp-json\/wp\/v2\/media\/1087"}],"wp:attachment":[{"href":"https:\/\/stardk.com\/CemaPhoto\/wp-json\/wp\/v2\/media?parent=1078"}],"wp:term":[{"taxonomy":"product_brand","embeddable":true,"href":"https:\/\/stardk.com\/CemaPhoto\/wp-json\/wp\/v2\/product_brand?post=1078"},{"taxonomy":"product_cat","embeddable":true,"href":"https:\/\/stardk.com\/CemaPhoto\/wp-json\/wp\/v2\/product_cat?post=1078"},{"taxonomy":"product_tag","embeddable":true,"href":"https:\/\/stardk.com\/CemaPhoto\/wp-json\/wp\/v2\/product_tag?post=1078"}],"curies":[{"name":"wp","href":"https:\/\/api.w.org\/{rel}","templated":true}]}}