{"id":874,"date":"2020-05-02T10:38:13","date_gmt":"2020-05-02T08:38:13","guid":{"rendered":"https:\/\/stardk.com\/CemaPhoto\/?page_id=874"},"modified":"2020-05-02T10:50:26","modified_gmt":"2020-05-02T08:50:26","slug":"jens-brammer","status":"publish","type":"page","link":"https:\/\/stardk.com\/CemaPhoto\/jens-brammer\/","title":{"rendered":"Jens Brammer"},"content":{"rendered":"\t\t<div data-elementor-type=\"wp-page\" data-elementor-id=\"874\" class=\"elementor elementor-874\">\n\t\t\t\t\t\t<section class=\"elementor-section elementor-top-section elementor-element elementor-element-57412673 elementor-section-boxed elementor-section-height-default elementor-section-height-default\" data-id=\"57412673\" data-element_type=\"section\" data-e-type=\"section\" data-settings=\"{&quot;background_background&quot;:&quot;gradient&quot;}\">\n\t\t\t\t\t\t<div class=\"elementor-container elementor-column-gap-default\">\n\t\t\t\t\t<div class=\"elementor-column elementor-col-100 elementor-top-column elementor-element elementor-element-7a442bdc\" data-id=\"7a442bdc\" data-element_type=\"column\" data-e-type=\"column\">\n\t\t\t<div class=\"elementor-widget-wrap elementor-element-populated\">\n\t\t\t\t\t\t<div class=\"elementor-element elementor-element-9ec94dd elementor-widget elementor-widget-heading\" data-id=\"9ec94dd\" data-element_type=\"widget\" data-e-type=\"widget\" data-widget_type=\"heading.default\">\n\t\t\t\t<div class=\"elementor-widget-container\">\n\t\t\t\t\t<h2 class=\"elementor-heading-title elementor-size-default\">Jens Brammer - Galleri<\/h2>\t\t\t\t<\/div>\n\t\t\t\t<\/div>\n\t\t\t\t\t<\/div>\n\t\t<\/div>\n\t\t\t\t\t<\/div>\n\t\t<\/section>\n\t\t\t\t<section class=\"elementor-section elementor-top-section elementor-element elementor-element-863321a elementor-section-boxed elementor-section-height-default elementor-section-height-default\" data-id=\"863321a\" data-element_type=\"section\" data-e-type=\"section\">\n\t\t\t\t\t\t<div class=\"elementor-container elementor-column-gap-default\">\n\t\t\t\t\t<div class=\"elementor-column elementor-col-100 elementor-top-column elementor-element elementor-element-922ec76\" data-id=\"922ec76\" data-element_type=\"column\" data-e-type=\"column\">\n\t\t\t<div class=\"elementor-widget-wrap elementor-element-populated\">\n\t\t\t\t\t\t<div class=\"elementor-element elementor-element-c9e8867 elementor-widget elementor-widget-image-gallery\" data-id=\"c9e8867\" data-element_type=\"widget\" data-e-type=\"widget\" data-widget_type=\"image-gallery.default\">\n\t\t\t\t<div class=\"elementor-widget-container\">\n\t\t\t\t\t\t\t<div class=\"elementor-image-gallery\">\n\t\t\t<div id='gallery-5' class='gallery galleryid-874 gallery-columns-4 gallery-size-medium'><figure class='gallery-item'>\n\t\t\t<div class='gallery-icon portrait'>\n\t\t\t\t<img fetchpriority=\"high\" decoding=\"async\" width=\"218\" height=\"300\" src=\"https:\/\/i0.wp.com\/stardk.com\/CemaPhoto\/wp-content\/uploads\/2020\/05\/2917-Jens-Brammer-40x55-40x55-cm-Den-gule-stol-WordPress-1.jpg?fit=218%2C300&amp;ssl=1\" class=\"attachment-medium size-medium\" alt=\"\" aria-describedby=\"gallery-5-878\" srcset=\"https:\/\/i0.wp.com\/stardk.com\/CemaPhoto\/wp-content\/uploads\/2020\/05\/2917-Jens-Brammer-40x55-40x55-cm-Den-gule-stol-WordPress-1.jpg?w=364&amp;ssl=1 364w, https:\/\/i0.wp.com\/stardk.com\/CemaPhoto\/wp-content\/uploads\/2020\/05\/2917-Jens-Brammer-40x55-40x55-cm-Den-gule-stol-WordPress-1.jpg?resize=218%2C300&amp;ssl=1 218w\" sizes=\"(max-width: 218px) 100vw, 218px\" \/>\n\t\t\t<\/div>\n\t\t\t\t<figcaption class='wp-caption-text gallery-caption' id='gallery-5-878'>\n\t\t\t\tDen gule stol\n\t\t\t\t<\/figcaption><\/figure><figure class='gallery-item'>\n\t\t\t<div class='gallery-icon portrait'>\n\t\t\t\t<img decoding=\"async\" width=\"219\" height=\"300\" src=\"https:\/\/i0.wp.com\/stardk.com\/CemaPhoto\/wp-content\/uploads\/2020\/05\/2917-Jens-Brammer-40x55-40x55-cm-Mig-og-min-tlf-WordPress-1.jpg?fit=219%2C300&amp;ssl=1\" class=\"attachment-medium size-medium\" alt=\"\" aria-describedby=\"gallery-5-879\" srcset=\"https:\/\/i0.wp.com\/stardk.com\/CemaPhoto\/wp-content\/uploads\/2020\/05\/2917-Jens-Brammer-40x55-40x55-cm-Mig-og-min-tlf-WordPress-1.jpg?w=365&amp;ssl=1 365w, https:\/\/i0.wp.com\/stardk.com\/CemaPhoto\/wp-content\/uploads\/2020\/05\/2917-Jens-Brammer-40x55-40x55-cm-Mig-og-min-tlf-WordPress-1.jpg?resize=219%2C300&amp;ssl=1 219w\" sizes=\"(max-width: 219px) 100vw, 219px\" \/>\n\t\t\t<\/div>\n\t\t\t\t<figcaption class='wp-caption-text gallery-caption' id='gallery-5-879'>\n\t\t\t\tMig og min tlf.\n\t\t\t\t<\/figcaption><\/figure><figure class='gallery-item'>\n\t\t\t<div class='gallery-icon portrait'>\n\t\t\t\t<img decoding=\"async\" width=\"215\" height=\"300\" src=\"https:\/\/i0.wp.com\/stardk.com\/CemaPhoto\/wp-content\/uploads\/2020\/05\/2917-Jens-Brammer-40x55-40x55cm-P%C3%A5-rejse-med-min-kufert-WordPress-1.jpg?fit=215%2C300&amp;ssl=1\" class=\"attachment-medium size-medium\" alt=\"\" aria-describedby=\"gallery-5-880\" \/>\n\t\t\t<\/div>\n\t\t\t\t<figcaption class='wp-caption-text gallery-caption' id='gallery-5-880'>\n\t\t\t\tP\u00e5 rejse med min kufert\n\t\t\t\t<\/figcaption><\/figure><figure class='gallery-item'>\n\t\t\t<div class='gallery-icon portrait'>\n\t\t\t\t<img loading=\"lazy\" decoding=\"async\" width=\"219\" height=\"300\" src=\"https:\/\/i0.wp.com\/stardk.com\/CemaPhoto\/wp-content\/uploads\/2020\/05\/2917-Jens-Brammer-40x55-M%C3%A5ske-bad-i-dag-40x55cm-WordPress-1.jpg?fit=219%2C300&amp;ssl=1\" class=\"attachment-medium size-medium\" alt=\"\" aria-describedby=\"gallery-5-881\" \/>\n\t\t\t<\/div>\n\t\t\t\t<figcaption class='wp-caption-text gallery-caption' id='gallery-5-881'>\n\t\t\t\tM\u00e5ske bad i dag \n\t\t\t\t<\/figcaption><\/figure><figure class='gallery-item'>\n\t\t\t<div class='gallery-icon portrait'>\n\t\t\t\t<img loading=\"lazy\" decoding=\"async\" width=\"218\" height=\"300\" src=\"https:\/\/i0.wp.com\/stardk.com\/CemaPhoto\/wp-content\/uploads\/2020\/05\/2917-Jens-Brammer-40x55-P%C3%A5-tur-med-min-barnevogn-40x55cm-WordPress-1.jpg?fit=218%2C300&amp;ssl=1\" class=\"attachment-medium size-medium\" alt=\"\" aria-describedby=\"gallery-5-882\" \/>\n\t\t\t<\/div>\n\t\t\t\t<figcaption class='wp-caption-text gallery-caption' id='gallery-5-882'>\n\t\t\t\tP\u00e5 tur med min barnevogn\n\t\t\t\t<\/figcaption><\/figure><figure class='gallery-item'>\n\t\t\t<div class='gallery-icon portrait'>\n\t\t\t\t<img loading=\"lazy\" decoding=\"async\" width=\"131\" height=\"300\" src=\"https:\/\/i0.wp.com\/stardk.com\/CemaPhoto\/wp-content\/uploads\/2020\/05\/2917-Jens-Brammer-40x90-40x90cm-p%C3%A5-cykel-tur-WordPress-1.jpg?fit=131%2C300&amp;ssl=1\" class=\"attachment-medium size-medium\" alt=\"\" aria-describedby=\"gallery-5-883\" \/>\n\t\t\t<\/div>\n\t\t\t\t<figcaption class='wp-caption-text gallery-caption' id='gallery-5-883'>\n\t\t\t\tP\u00e5 cykel tur\n\t\t\t\t<\/figcaption><\/figure><figure class='gallery-item'>\n\t\t\t<div class='gallery-icon portrait'>\n\t\t\t\t<img loading=\"lazy\" decoding=\"async\" width=\"148\" height=\"300\" src=\"https:\/\/i0.wp.com\/stardk.com\/CemaPhoto\/wp-content\/uploads\/2020\/05\/2917-Jens-Brammer-55x110-55x110-cm-Aftentur-WordPress-1.jpg?fit=148%2C300&amp;ssl=1\" class=\"attachment-medium size-medium\" alt=\"\" aria-describedby=\"gallery-5-884\" srcset=\"https:\/\/i0.wp.com\/stardk.com\/CemaPhoto\/wp-content\/uploads\/2020\/05\/2917-Jens-Brammer-55x110-55x110-cm-Aftentur-WordPress-1.jpg?w=246&amp;ssl=1 246w, https:\/\/i0.wp.com\/stardk.com\/CemaPhoto\/wp-content\/uploads\/2020\/05\/2917-Jens-Brammer-55x110-55x110-cm-Aftentur-WordPress-1.jpg?resize=148%2C300&amp;ssl=1 148w\" sizes=\"(max-width: 148px) 100vw, 148px\" \/>\n\t\t\t<\/div>\n\t\t\t\t<figcaption class='wp-caption-text gallery-caption' id='gallery-5-884'>\n\t\t\t\tAftentur\n\t\t\t\t<\/figcaption><\/figure><figure class='gallery-item'>\n\t\t\t<div class='gallery-icon portrait'>\n\t\t\t\t<img loading=\"lazy\" decoding=\"async\" width=\"149\" height=\"300\" src=\"https:\/\/i0.wp.com\/stardk.com\/CemaPhoto\/wp-content\/uploads\/2020\/05\/2917-Jens-Brammer-55x110-55x110-Mon-hun-ringer-WordPress-1.jpg?fit=149%2C300&amp;ssl=1\" class=\"attachment-medium size-medium\" alt=\"\" aria-describedby=\"gallery-5-885\" srcset=\"https:\/\/i0.wp.com\/stardk.com\/CemaPhoto\/wp-content\/uploads\/2020\/05\/2917-Jens-Brammer-55x110-55x110-Mon-hun-ringer-WordPress-1.jpg?w=248&amp;ssl=1 248w, https:\/\/i0.wp.com\/stardk.com\/CemaPhoto\/wp-content\/uploads\/2020\/05\/2917-Jens-Brammer-55x110-55x110-Mon-hun-ringer-WordPress-1.jpg?resize=149%2C300&amp;ssl=1 149w\" sizes=\"(max-width: 149px) 100vw, 149px\" \/>\n\t\t\t<\/div>\n\t\t\t\t<figcaption class='wp-caption-text gallery-caption' id='gallery-5-885'>\n\t\t\t\tMon hun ringer\n\t\t\t\t<\/figcaption><\/figure><figure class='gallery-item'>\n\t\t\t<div class='gallery-icon landscape'>\n\t\t\t\t<img loading=\"lazy\" decoding=\"async\" width=\"300\" height=\"192\" src=\"https:\/\/i0.wp.com\/stardk.com\/CemaPhoto\/wp-content\/uploads\/2020\/05\/2917-Jens-Brammer-100x64-Venter-p%C3%A5-svar-100x65cm-WordPress-1.jpg?fit=300%2C192&amp;ssl=1\" class=\"attachment-medium size-medium\" alt=\"\" aria-describedby=\"gallery-5-886\" \/>\n\t\t\t<\/div>\n\t\t\t\t<figcaption class='wp-caption-text gallery-caption' id='gallery-5-886'>\n\t\t\t\tVenter p\u00e5 svar\n\t\t\t\t<\/figcaption><\/figure><figure class='gallery-item'>\n\t\t\t<div class='gallery-icon portrait'>\n\t\t\t\t<img loading=\"lazy\" decoding=\"async\" width=\"300\" height=\"300\" src=\"https:\/\/i0.wp.com\/stardk.com\/CemaPhoto\/wp-content\/uploads\/2020\/05\/2917-Jens-Brammer-100x100-Alle-mine-h%C3%B8ns-og-mig-150x150cm-WordPress-1.jpg?fit=300%2C300&amp;ssl=1\" class=\"attachment-medium size-medium\" alt=\"\" aria-describedby=\"gallery-5-887\" \/>\n\t\t\t<\/div>\n\t\t\t\t<figcaption class='wp-caption-text gallery-caption' id='gallery-5-887'>\n\t\t\t\tAlle mine h\u00f8ns og mig\n\t\t\t\t<\/figcaption><\/figure><figure class='gallery-item'>\n\t\t\t<div class='gallery-icon portrait'>\n\t\t\t\t<img loading=\"lazy\" decoding=\"async\" width=\"240\" height=\"300\" src=\"https:\/\/i0.wp.com\/stardk.com\/CemaPhoto\/wp-content\/uploads\/2020\/05\/2917-Jens-Brammer-100x125-Den-bl%C3%A5-cykel-og-h%C3%B8nen-100x130cm-WordPress-1.jpg?fit=240%2C300&amp;ssl=1\" class=\"attachment-medium size-medium\" alt=\"\" aria-describedby=\"gallery-5-888\" \/>\n\t\t\t<\/div>\n\t\t\t\t<figcaption class='wp-caption-text gallery-caption' id='gallery-5-888'>\n\t\t\t\tDen bl\u00e5 cykel og h\u00f8nen\n\t\t\t\t<\/figcaption><\/figure><figure class='gallery-item'>\n\t\t\t<div class='gallery-icon portrait'>\n\t\t\t\t<img loading=\"lazy\" decoding=\"async\" width=\"232\" height=\"300\" src=\"https:\/\/i0.wp.com\/stardk.com\/CemaPhoto\/wp-content\/uploads\/2020\/05\/2917-Jens-Brammer-100x130-Grisen-i-birkelunden-90x115-WordPress-1.jpg?fit=232%2C300&amp;ssl=1\" class=\"attachment-medium size-medium\" alt=\"\" aria-describedby=\"gallery-5-889\" srcset=\"https:\/\/i0.wp.com\/stardk.com\/CemaPhoto\/wp-content\/uploads\/2020\/05\/2917-Jens-Brammer-100x130-Grisen-i-birkelunden-90x115-WordPress-1.jpg?w=386&amp;ssl=1 386w, https:\/\/i0.wp.com\/stardk.com\/CemaPhoto\/wp-content\/uploads\/2020\/05\/2917-Jens-Brammer-100x130-Grisen-i-birkelunden-90x115-WordPress-1.jpg?resize=232%2C300&amp;ssl=1 232w\" sizes=\"(max-width: 232px) 100vw, 232px\" \/>\n\t\t\t<\/div>\n\t\t\t\t<figcaption class='wp-caption-text gallery-caption' id='gallery-5-889'>\n\t\t\t\tGrisen i birkelunden \n\t\t\t\t<\/figcaption><\/figure>\n\t\t<\/div>\n\t\t<\/div>\n\t\t\t\t\t\t<\/div>\n\t\t\t\t<\/div>\n\t\t\t\t<div class=\"elementor-element elementor-element-3e21c62 elementor-align-center elementor-widget elementor-widget-button\" data-id=\"3e21c62\" data-element_type=\"widget\" data-e-type=\"widget\" data-widget_type=\"button.default\">\n\t\t\t\t<div class=\"elementor-widget-container\">\n\t\t\t\t\t\t\t\t\t<div class=\"elementor-button-wrapper\">\n\t\t\t\t\t<a class=\"elementor-button elementor-button-link elementor-size-xl\" href=\"https:\/\/stardk.com\/CemaPhoto\/kunstnerne\/\">\n\t\t\t\t\t\t<span class=\"elementor-button-content-wrapper\">\n\t\t\t\t\t\t<span class=\"elementor-button-icon\">\n\t\t\t\t<i aria-hidden=\"true\" class=\"far fa-arrow-alt-circle-left\"><\/i>\t\t\t<\/span>\n\t\t\t\t\t\t\t\t<\/span>\n\t\t\t\t\t<\/a>\n\t\t\t\t<\/div>\n\t\t\t\t\t\t\t\t<\/div>\n\t\t\t\t<\/div>\n\t\t\t\t<div class=\"elementor-element elementor-element-d27e6b8 elementor-widget elementor-widget-spacer\" data-id=\"d27e6b8\" data-element_type=\"widget\" data-e-type=\"widget\" data-widget_type=\"spacer.default\">\n\t\t\t\t<div class=\"elementor-widget-container\">\n\t\t\t\t\t\t\t<div class=\"elementor-spacer\">\n\t\t\t<div class=\"elementor-spacer-inner\"><\/div>\n\t\t<\/div>\n\t\t\t\t\t\t<\/div>\n\t\t\t\t<\/div>\n\t\t\t\t\t<\/div>\n\t\t<\/div>\n\t\t\t\t\t<\/div>\n\t\t<\/section>\n\t\t\t\t<\/div>\n\t\t","protected":false},"excerpt":{"rendered":"<p>Jens Brammer &#8211; Galleri Den gule stol Mig og min tlf. P\u00e5 rejse med min kufert M\u00e5ske bad i dag P\u00e5 tur med min barnevogn P\u00e5 cykel tur Aftentur Mon hun ringer Venter p\u00e5 svar Alle mine h\u00f8ns og mig Den bl\u00e5 cykel og h\u00f8nen Grisen i birkelunden<\/p>\n","protected":false},"author":1,"featured_media":0,"parent":0,"menu_order":0,"comment_status":"closed","ping_status":"closed","template":"","meta":{"om_disable_all_campaigns":false,"_monsterinsights_skip_tracking":false,"_monsterinsights_sitenote_active":false,"_monsterinsights_sitenote_note":"","_monsterinsights_sitenote_category":0,"_uf_show_specific_survey":0,"_uf_disable_surveys":false,"site-sidebar-layout":"no-sidebar","site-content-layout":"page-builder","ast-site-content-layout":"default","site-content-style":"default","site-sidebar-style":"default","ast-global-header-display":"","ast-banner-title-visibility":"","ast-main-header-display":"","ast-hfb-above-header-display":"","ast-hfb-below-header-display":"","ast-hfb-mobile-header-display":"","site-post-title":"disabled","ast-breadcrumbs-content":"","ast-featured-img":"disabled","footer-sml-layout":"","theme-transparent-header-meta":"default","adv-header-id-meta":"","stick-header-meta":"","header-above-stick-meta":"","header-main-stick-meta":"","header-below-stick-meta":"","astra-migrate-meta-layouts":"default","ast-page-background-enabled":"default","ast-page-background-meta":{"desktop":{"background-color":"","background-image":"","background-repeat":"repeat","background-position":"center center","background-size":"auto","background-attachment":"scroll","background-type":"","background-media":"","overlay-type":"","overlay-color":"","overlay-opacity":"","overlay-gradient":""},"tablet":{"background-color":"","background-image":"","background-repeat":"repeat","background-position":"center center","background-size":"auto","background-attachment":"scroll","background-type":"","background-media":"","overlay-type":"","overlay-color":"","overlay-opacity":"","overlay-gradient":""},"mobile":{"background-color":"","background-image":"","background-repeat":"repeat","background-position":"center center","background-size":"auto","background-attachment":"scroll","background-type":"","background-media":"","overlay-type":"","overlay-color":"","overlay-opacity":"","overlay-gradient":""}},"ast-content-background-meta":{"desktop":{"background-color":"var(--ast-global-color-5)","background-image":"","background-repeat":"repeat","background-position":"center center","background-size":"auto","background-attachment":"scroll","background-type":"","background-media":"","overlay-type":"","overlay-color":"","overlay-opacity":"","overlay-gradient":""},"tablet":{"background-color":"var(--ast-global-color-5)","background-image":"","background-repeat":"repeat","background-position":"center center","background-size":"auto","background-attachment":"scroll","background-type":"","background-media":"","overlay-type":"","overlay-color":"","overlay-opacity":"","overlay-gradient":""},"mobile":{"background-color":"var(--ast-global-color-5)","background-image":"","background-repeat":"repeat","background-position":"center center","background-size":"auto","background-attachment":"scroll","background-type":"","background-media":"","overlay-type":"","overlay-color":"","overlay-opacity":"","overlay-gradient":""}},"footnotes":""},"class_list":["post-874","page","type-page","status-publish","hentry"],"aioseo_notices":[],"jetpack_sharing_enabled":true,"_links":{"self":[{"href":"https:\/\/stardk.com\/CemaPhoto\/wp-json\/wp\/v2\/pages\/874","targetHints":{"allow":["GET"]}}],"collection":[{"href":"https:\/\/stardk.com\/CemaPhoto\/wp-json\/wp\/v2\/pages"}],"about":[{"href":"https:\/\/stardk.com\/CemaPhoto\/wp-json\/wp\/v2\/types\/page"}],"author":[{"embeddable":true,"href":"https:\/\/stardk.com\/CemaPhoto\/wp-json\/wp\/v2\/users\/1"}],"replies":[{"embeddable":true,"href":"https:\/\/stardk.com\/CemaPhoto\/wp-json\/wp\/v2\/comments?post=874"}],"version-history":[{"count":5,"href":"https:\/\/stardk.com\/CemaPhoto\/wp-json\/wp\/v2\/pages\/874\/revisions"}],"predecessor-version":[{"id":891,"href":"https:\/\/stardk.com\/CemaPhoto\/wp-json\/wp\/v2\/pages\/874\/revisions\/891"}],"wp:attachment":[{"href":"https:\/\/stardk.com\/CemaPhoto\/wp-json\/wp\/v2\/media?parent=874"}],"curies":[{"name":"wp","href":"https:\/\/api.w.org\/{rel}","templated":true}]}}