{"id":1976,"date":"2025-01-28T17:06:20","date_gmt":"2025-01-28T15:06:20","guid":{"rendered":"https:\/\/stardk.com\/CemaPhoto\/?page_id=1976"},"modified":"2025-01-28T17:07:11","modified_gmt":"2025-01-28T15:07:11","slug":"myanne-moller","status":"publish","type":"page","link":"https:\/\/stardk.com\/CemaPhoto\/myanne-moller\/","title":{"rendered":"Myanne M\u00f8ller"},"content":{"rendered":"\t\t<div data-elementor-type=\"wp-page\" data-elementor-id=\"1976\" class=\"elementor elementor-1976\">\n\t\t\t\t\t\t<section class=\"elementor-section elementor-top-section elementor-element elementor-element-57412673 elementor-section-boxed elementor-section-height-default elementor-section-height-default\" data-id=\"57412673\" data-element_type=\"section\" data-e-type=\"section\" data-settings=\"{&quot;background_background&quot;:&quot;gradient&quot;}\">\n\t\t\t\t\t\t<div class=\"elementor-container elementor-column-gap-default\">\n\t\t\t\t\t<div class=\"elementor-column elementor-col-100 elementor-top-column elementor-element elementor-element-7a442bdc\" data-id=\"7a442bdc\" data-element_type=\"column\" data-e-type=\"column\">\n\t\t\t<div class=\"elementor-widget-wrap elementor-element-populated\">\n\t\t\t\t\t\t<div class=\"elementor-element elementor-element-9ec94dd elementor-widget elementor-widget-heading\" data-id=\"9ec94dd\" data-element_type=\"widget\" data-e-type=\"widget\" data-widget_type=\"heading.default\">\n\t\t\t\t<div class=\"elementor-widget-container\">\n\t\t\t\t\t<h2 class=\"elementor-heading-title elementor-size-default\">Myanne M\u00f8ller - Galleri<\/h2>\t\t\t\t<\/div>\n\t\t\t\t<\/div>\n\t\t\t\t\t<\/div>\n\t\t<\/div>\n\t\t\t\t\t<\/div>\n\t\t<\/section>\n\t\t\t\t<section class=\"elementor-section elementor-top-section elementor-element elementor-element-863321a elementor-section-boxed elementor-section-height-default elementor-section-height-default\" data-id=\"863321a\" data-element_type=\"section\" data-e-type=\"section\">\n\t\t\t\t\t\t<div class=\"elementor-container elementor-column-gap-default\">\n\t\t\t\t\t<div class=\"elementor-column elementor-col-100 elementor-top-column elementor-element elementor-element-922ec76\" data-id=\"922ec76\" data-element_type=\"column\" data-e-type=\"column\">\n\t\t\t<div class=\"elementor-widget-wrap elementor-element-populated\">\n\t\t\t\t\t\t<div class=\"elementor-element elementor-element-c9e8867 elementor-widget elementor-widget-image-gallery\" data-id=\"c9e8867\" data-element_type=\"widget\" data-e-type=\"widget\" data-widget_type=\"image-gallery.default\">\n\t\t\t\t<div class=\"elementor-widget-container\">\n\t\t\t\t\t\t\t<div class=\"elementor-image-gallery\">\n\t\t\t<div id='gallery-2' class='gallery galleryid-1976 gallery-columns-4 gallery-size-medium'><figure class='gallery-item'>\n\t\t\t<div class='gallery-icon portrait'>\n\t\t\t\t<img fetchpriority=\"high\" decoding=\"async\" width=\"229\" height=\"300\" src=\"https:\/\/i0.wp.com\/stardk.com\/CemaPhoto\/wp-content\/uploads\/2025\/01\/Myanne-Moller-70x91-Himmelske-kvinder-70x90-WordPress.jpg?fit=229%2C300&amp;ssl=1\" class=\"attachment-medium size-medium\" alt=\"\" aria-describedby=\"gallery-2-1975\" srcset=\"https:\/\/i0.wp.com\/stardk.com\/CemaPhoto\/wp-content\/uploads\/2025\/01\/Myanne-Moller-70x91-Himmelske-kvinder-70x90-WordPress.jpg?w=763&amp;ssl=1 763w, https:\/\/i0.wp.com\/stardk.com\/CemaPhoto\/wp-content\/uploads\/2025\/01\/Myanne-Moller-70x91-Himmelske-kvinder-70x90-WordPress.jpg?resize=229%2C300&amp;ssl=1 229w, https:\/\/i0.wp.com\/stardk.com\/CemaPhoto\/wp-content\/uploads\/2025\/01\/Myanne-Moller-70x91-Himmelske-kvinder-70x90-WordPress.jpg?resize=300%2C393&amp;ssl=1 300w, https:\/\/i0.wp.com\/stardk.com\/CemaPhoto\/wp-content\/uploads\/2025\/01\/Myanne-Moller-70x91-Himmelske-kvinder-70x90-WordPress.jpg?resize=600%2C786&amp;ssl=1 600w\" sizes=\"(max-width: 229px) 100vw, 229px\" \/>\n\t\t\t<\/div>\n\t\t\t\t<figcaption class='wp-caption-text gallery-caption' id='gallery-2-1975'>\n\t\t\t\tHimmelske kvinder 70&#215;90\n\t\t\t\t<\/figcaption><\/figure><figure class='gallery-item'>\n\t\t\t<div class='gallery-icon portrait'>\n\t\t\t\t<img decoding=\"async\" width=\"233\" height=\"300\" src=\"https:\/\/i0.wp.com\/stardk.com\/CemaPhoto\/wp-content\/uploads\/2025\/01\/Myanne-Moller-70x90-Kvinden-i-sort-70x90-WordPress.jpg?fit=233%2C300&amp;ssl=1\" class=\"attachment-medium size-medium\" alt=\"\" aria-describedby=\"gallery-2-1974\" srcset=\"https:\/\/i0.wp.com\/stardk.com\/CemaPhoto\/wp-content\/uploads\/2025\/01\/Myanne-Moller-70x90-Kvinden-i-sort-70x90-WordPress.jpg?w=776&amp;ssl=1 776w, https:\/\/i0.wp.com\/stardk.com\/CemaPhoto\/wp-content\/uploads\/2025\/01\/Myanne-Moller-70x90-Kvinden-i-sort-70x90-WordPress.jpg?resize=233%2C300&amp;ssl=1 233w, https:\/\/i0.wp.com\/stardk.com\/CemaPhoto\/wp-content\/uploads\/2025\/01\/Myanne-Moller-70x90-Kvinden-i-sort-70x90-WordPress.jpg?resize=768%2C990&amp;ssl=1 768w, https:\/\/i0.wp.com\/stardk.com\/CemaPhoto\/wp-content\/uploads\/2025\/01\/Myanne-Moller-70x90-Kvinden-i-sort-70x90-WordPress.jpg?resize=300%2C387&amp;ssl=1 300w, https:\/\/i0.wp.com\/stardk.com\/CemaPhoto\/wp-content\/uploads\/2025\/01\/Myanne-Moller-70x90-Kvinden-i-sort-70x90-WordPress.jpg?resize=600%2C773&amp;ssl=1 600w\" sizes=\"(max-width: 233px) 100vw, 233px\" \/>\n\t\t\t<\/div>\n\t\t\t\t<figcaption class='wp-caption-text gallery-caption' id='gallery-2-1974'>\n\t\t\t\tKvinden i sort 70&#215;90\n\t\t\t\t<\/figcaption><\/figure><figure class='gallery-item'>\n\t\t\t<div class='gallery-icon portrait'>\n\t\t\t\t<img decoding=\"async\" width=\"231\" height=\"300\" src=\"https:\/\/i0.wp.com\/stardk.com\/CemaPhoto\/wp-content\/uploads\/2025\/01\/Myanne-Moller-70x90-Det-indre-lys-70X90-WordPress.jpg?fit=231%2C300&amp;ssl=1\" class=\"attachment-medium size-medium\" alt=\"\" aria-describedby=\"gallery-2-1973\" srcset=\"https:\/\/i0.wp.com\/stardk.com\/CemaPhoto\/wp-content\/uploads\/2025\/01\/Myanne-Moller-70x90-Det-indre-lys-70X90-WordPress.jpg?w=771&amp;ssl=1 771w, https:\/\/i0.wp.com\/stardk.com\/CemaPhoto\/wp-content\/uploads\/2025\/01\/Myanne-Moller-70x90-Det-indre-lys-70X90-WordPress.jpg?resize=231%2C300&amp;ssl=1 231w, https:\/\/i0.wp.com\/stardk.com\/CemaPhoto\/wp-content\/uploads\/2025\/01\/Myanne-Moller-70x90-Det-indre-lys-70X90-WordPress.jpg?resize=768%2C996&amp;ssl=1 768w, https:\/\/i0.wp.com\/stardk.com\/CemaPhoto\/wp-content\/uploads\/2025\/01\/Myanne-Moller-70x90-Det-indre-lys-70X90-WordPress.jpg?resize=300%2C389&amp;ssl=1 300w, https:\/\/i0.wp.com\/stardk.com\/CemaPhoto\/wp-content\/uploads\/2025\/01\/Myanne-Moller-70x90-Det-indre-lys-70X90-WordPress.jpg?resize=600%2C778&amp;ssl=1 600w\" sizes=\"(max-width: 231px) 100vw, 231px\" \/>\n\t\t\t<\/div>\n\t\t\t\t<figcaption class='wp-caption-text gallery-caption' id='gallery-2-1973'>\n\t\t\t\tDet indre lys 70X90\n\t\t\t\t<\/figcaption><\/figure><figure class='gallery-item'>\n\t\t\t<div class='gallery-icon portrait'>\n\t\t\t\t<img loading=\"lazy\" decoding=\"async\" width=\"231\" height=\"300\" src=\"https:\/\/i0.wp.com\/stardk.com\/CemaPhoto\/wp-content\/uploads\/2025\/01\/Myanne-Moller-70x90-Barn-og-voksen-70x90-WordPress.jpg?fit=231%2C300&amp;ssl=1\" class=\"attachment-medium size-medium\" alt=\"\" aria-describedby=\"gallery-2-1972\" srcset=\"https:\/\/i0.wp.com\/stardk.com\/CemaPhoto\/wp-content\/uploads\/2025\/01\/Myanne-Moller-70x90-Barn-og-voksen-70x90-WordPress.jpg?w=771&amp;ssl=1 771w, https:\/\/i0.wp.com\/stardk.com\/CemaPhoto\/wp-content\/uploads\/2025\/01\/Myanne-Moller-70x90-Barn-og-voksen-70x90-WordPress.jpg?resize=231%2C300&amp;ssl=1 231w, https:\/\/i0.wp.com\/stardk.com\/CemaPhoto\/wp-content\/uploads\/2025\/01\/Myanne-Moller-70x90-Barn-og-voksen-70x90-WordPress.jpg?resize=768%2C996&amp;ssl=1 768w, https:\/\/i0.wp.com\/stardk.com\/CemaPhoto\/wp-content\/uploads\/2025\/01\/Myanne-Moller-70x90-Barn-og-voksen-70x90-WordPress.jpg?resize=300%2C389&amp;ssl=1 300w, https:\/\/i0.wp.com\/stardk.com\/CemaPhoto\/wp-content\/uploads\/2025\/01\/Myanne-Moller-70x90-Barn-og-voksen-70x90-WordPress.jpg?resize=600%2C778&amp;ssl=1 600w\" sizes=\"(max-width: 231px) 100vw, 231px\" \/>\n\t\t\t<\/div>\n\t\t\t\t<figcaption class='wp-caption-text gallery-caption' id='gallery-2-1972'>\n\t\t\t\tBarn og voksen 70&#215;90\n\t\t\t\t<\/figcaption><\/figure><figure class='gallery-item'>\n\t\t\t<div class='gallery-icon portrait'>\n\t\t\t\t<img loading=\"lazy\" decoding=\"async\" width=\"223\" height=\"300\" src=\"https:\/\/i0.wp.com\/stardk.com\/CemaPhoto\/wp-content\/uploads\/2025\/01\/Myanne-Moller-70x80-Ung-kaerlighed-70x80-WordPress.jpg?fit=223%2C300&amp;ssl=1\" class=\"attachment-medium size-medium\" alt=\"\" aria-describedby=\"gallery-2-1971\" srcset=\"https:\/\/i0.wp.com\/stardk.com\/CemaPhoto\/wp-content\/uploads\/2025\/01\/Myanne-Moller-70x80-Ung-kaerlighed-70x80-WordPress.jpg?w=744&amp;ssl=1 744w, https:\/\/i0.wp.com\/stardk.com\/CemaPhoto\/wp-content\/uploads\/2025\/01\/Myanne-Moller-70x80-Ung-kaerlighed-70x80-WordPress.jpg?resize=223%2C300&amp;ssl=1 223w, https:\/\/i0.wp.com\/stardk.com\/CemaPhoto\/wp-content\/uploads\/2025\/01\/Myanne-Moller-70x80-Ung-kaerlighed-70x80-WordPress.jpg?resize=300%2C403&amp;ssl=1 300w, https:\/\/i0.wp.com\/stardk.com\/CemaPhoto\/wp-content\/uploads\/2025\/01\/Myanne-Moller-70x80-Ung-kaerlighed-70x80-WordPress.jpg?resize=600%2C806&amp;ssl=1 600w\" sizes=\"(max-width: 223px) 100vw, 223px\" \/>\n\t\t\t<\/div>\n\t\t\t\t<figcaption class='wp-caption-text gallery-caption' id='gallery-2-1971'>\n\t\t\t\tUng k\u00e6rlighed 70&#215;80\n\t\t\t\t<\/figcaption><\/figure><figure class='gallery-item'>\n\t\t\t<div class='gallery-icon portrait'>\n\t\t\t\t<img loading=\"lazy\" decoding=\"async\" width=\"261\" height=\"300\" src=\"https:\/\/i0.wp.com\/stardk.com\/CemaPhoto\/wp-content\/uploads\/2025\/01\/Myanne-Moller-70x80-Pa-vej-70x80-WordPress.jpg?fit=261%2C300&amp;ssl=1\" class=\"attachment-medium size-medium\" alt=\"\" aria-describedby=\"gallery-2-1970\" srcset=\"https:\/\/i0.wp.com\/stardk.com\/CemaPhoto\/wp-content\/uploads\/2025\/01\/Myanne-Moller-70x80-Pa-vej-70x80-WordPress.jpg?w=869&amp;ssl=1 869w, https:\/\/i0.wp.com\/stardk.com\/CemaPhoto\/wp-content\/uploads\/2025\/01\/Myanne-Moller-70x80-Pa-vej-70x80-WordPress.jpg?resize=261%2C300&amp;ssl=1 261w, https:\/\/i0.wp.com\/stardk.com\/CemaPhoto\/wp-content\/uploads\/2025\/01\/Myanne-Moller-70x80-Pa-vej-70x80-WordPress.jpg?resize=768%2C884&amp;ssl=1 768w, https:\/\/i0.wp.com\/stardk.com\/CemaPhoto\/wp-content\/uploads\/2025\/01\/Myanne-Moller-70x80-Pa-vej-70x80-WordPress.jpg?resize=300%2C345&amp;ssl=1 300w, https:\/\/i0.wp.com\/stardk.com\/CemaPhoto\/wp-content\/uploads\/2025\/01\/Myanne-Moller-70x80-Pa-vej-70x80-WordPress.jpg?resize=600%2C690&amp;ssl=1 600w\" sizes=\"(max-width: 261px) 100vw, 261px\" \/>\n\t\t\t<\/div>\n\t\t\t\t<figcaption class='wp-caption-text gallery-caption' id='gallery-2-1970'>\n\t\t\t\tP\u00e5 vej 70&#215;80\n\t\t\t\t<\/figcaption><\/figure><figure class='gallery-item'>\n\t\t\t<div class='gallery-icon portrait'>\n\t\t\t\t<img loading=\"lazy\" decoding=\"async\" width=\"264\" height=\"300\" src=\"https:\/\/i0.wp.com\/stardk.com\/CemaPhoto\/wp-content\/uploads\/2025\/01\/Myanne-Moller-70x80-Kattesjaele-70x80-WordPress.jpg?fit=264%2C300&amp;ssl=1\" class=\"attachment-medium size-medium\" alt=\"\" aria-describedby=\"gallery-2-1969\" srcset=\"https:\/\/i0.wp.com\/stardk.com\/CemaPhoto\/wp-content\/uploads\/2025\/01\/Myanne-Moller-70x80-Kattesjaele-70x80-WordPress.jpg?w=881&amp;ssl=1 881w, https:\/\/i0.wp.com\/stardk.com\/CemaPhoto\/wp-content\/uploads\/2025\/01\/Myanne-Moller-70x80-Kattesjaele-70x80-WordPress.jpg?resize=264%2C300&amp;ssl=1 264w, https:\/\/i0.wp.com\/stardk.com\/CemaPhoto\/wp-content\/uploads\/2025\/01\/Myanne-Moller-70x80-Kattesjaele-70x80-WordPress.jpg?resize=768%2C872&amp;ssl=1 768w, https:\/\/i0.wp.com\/stardk.com\/CemaPhoto\/wp-content\/uploads\/2025\/01\/Myanne-Moller-70x80-Kattesjaele-70x80-WordPress.jpg?resize=300%2C341&amp;ssl=1 300w, https:\/\/i0.wp.com\/stardk.com\/CemaPhoto\/wp-content\/uploads\/2025\/01\/Myanne-Moller-70x80-Kattesjaele-70x80-WordPress.jpg?resize=600%2C681&amp;ssl=1 600w\" sizes=\"(max-width: 264px) 100vw, 264px\" \/>\n\t\t\t<\/div>\n\t\t\t\t<figcaption class='wp-caption-text gallery-caption' id='gallery-2-1969'>\n\t\t\t\tKattesj\u00e6le 70&#215;80\n\t\t\t\t<\/figcaption><\/figure><figure class='gallery-item'>\n\t\t\t<div class='gallery-icon portrait'>\n\t\t\t\t<img loading=\"lazy\" decoding=\"async\" width=\"263\" height=\"300\" src=\"https:\/\/i0.wp.com\/stardk.com\/CemaPhoto\/wp-content\/uploads\/2025\/01\/Myanne-Moller-70x80-Jeg-ser-70x80-WordPress.jpg?fit=263%2C300&amp;ssl=1\" class=\"attachment-medium size-medium\" alt=\"\" aria-describedby=\"gallery-2-1968\" srcset=\"https:\/\/i0.wp.com\/stardk.com\/CemaPhoto\/wp-content\/uploads\/2025\/01\/Myanne-Moller-70x80-Jeg-ser-70x80-WordPress.jpg?w=876&amp;ssl=1 876w, https:\/\/i0.wp.com\/stardk.com\/CemaPhoto\/wp-content\/uploads\/2025\/01\/Myanne-Moller-70x80-Jeg-ser-70x80-WordPress.jpg?resize=263%2C300&amp;ssl=1 263w, https:\/\/i0.wp.com\/stardk.com\/CemaPhoto\/wp-content\/uploads\/2025\/01\/Myanne-Moller-70x80-Jeg-ser-70x80-WordPress.jpg?resize=768%2C877&amp;ssl=1 768w, https:\/\/i0.wp.com\/stardk.com\/CemaPhoto\/wp-content\/uploads\/2025\/01\/Myanne-Moller-70x80-Jeg-ser-70x80-WordPress.jpg?resize=300%2C342&amp;ssl=1 300w, https:\/\/i0.wp.com\/stardk.com\/CemaPhoto\/wp-content\/uploads\/2025\/01\/Myanne-Moller-70x80-Jeg-ser-70x80-WordPress.jpg?resize=600%2C685&amp;ssl=1 600w\" sizes=\"(max-width: 263px) 100vw, 263px\" \/>\n\t\t\t<\/div>\n\t\t\t\t<figcaption class='wp-caption-text gallery-caption' id='gallery-2-1968'>\n\t\t\t\tJeg ser 70&#215;80\n\t\t\t\t<\/figcaption><\/figure><figure class='gallery-item'>\n\t\t\t<div class='gallery-icon portrait'>\n\t\t\t\t<img loading=\"lazy\" decoding=\"async\" width=\"148\" height=\"300\" src=\"https:\/\/i0.wp.com\/stardk.com\/CemaPhoto\/wp-content\/uploads\/2025\/01\/Myanne-Moller-50x101-Drommen-50x100-WordPress.jpg?fit=148%2C300&amp;ssl=1\" class=\"attachment-medium size-medium\" alt=\"\" aria-describedby=\"gallery-2-1967\" srcset=\"https:\/\/i0.wp.com\/stardk.com\/CemaPhoto\/wp-content\/uploads\/2025\/01\/Myanne-Moller-50x101-Drommen-50x100-WordPress.jpg?w=494&amp;ssl=1 494w, https:\/\/i0.wp.com\/stardk.com\/CemaPhoto\/wp-content\/uploads\/2025\/01\/Myanne-Moller-50x101-Drommen-50x100-WordPress.jpg?resize=148%2C300&amp;ssl=1 148w, https:\/\/i0.wp.com\/stardk.com\/CemaPhoto\/wp-content\/uploads\/2025\/01\/Myanne-Moller-50x101-Drommen-50x100-WordPress.jpg?resize=300%2C607&amp;ssl=1 300w\" sizes=\"(max-width: 148px) 100vw, 148px\" \/>\n\t\t\t<\/div>\n\t\t\t\t<figcaption class='wp-caption-text gallery-caption' id='gallery-2-1967'>\n\t\t\t\tDr\u00f8mmen 50&#215;100\n\t\t\t\t<\/figcaption><\/figure><figure class='gallery-item'>\n\t\t\t<div class='gallery-icon portrait'>\n\t\t\t\t<img loading=\"lazy\" decoding=\"async\" width=\"149\" height=\"300\" src=\"https:\/\/i0.wp.com\/stardk.com\/CemaPhoto\/wp-content\/uploads\/2025\/01\/Myanne-Moller-50x100-Og-solen-brod-igennem-50x100-WordPress.jpg?fit=149%2C300&amp;ssl=1\" class=\"attachment-medium size-medium\" alt=\"\" aria-describedby=\"gallery-2-1966\" srcset=\"https:\/\/i0.wp.com\/stardk.com\/CemaPhoto\/wp-content\/uploads\/2025\/01\/Myanne-Moller-50x100-Og-solen-brod-igennem-50x100-WordPress.jpg?w=496&amp;ssl=1 496w, https:\/\/i0.wp.com\/stardk.com\/CemaPhoto\/wp-content\/uploads\/2025\/01\/Myanne-Moller-50x100-Og-solen-brod-igennem-50x100-WordPress.jpg?resize=149%2C300&amp;ssl=1 149w, https:\/\/i0.wp.com\/stardk.com\/CemaPhoto\/wp-content\/uploads\/2025\/01\/Myanne-Moller-50x100-Og-solen-brod-igennem-50x100-WordPress.jpg?resize=300%2C605&amp;ssl=1 300w\" sizes=\"(max-width: 149px) 100vw, 149px\" \/>\n\t\t\t<\/div>\n\t\t\t\t<figcaption class='wp-caption-text gallery-caption' id='gallery-2-1966'>\n\t\t\t\tOg solen br\u00f8d igennem 50&#215;100\n\t\t\t\t<\/figcaption><\/figure><figure class='gallery-item'>\n\t\t\t<div class='gallery-icon portrait'>\n\t\t\t\t<img loading=\"lazy\" decoding=\"async\" width=\"257\" height=\"300\" src=\"https:\/\/i0.wp.com\/stardk.com\/CemaPhoto\/wp-content\/uploads\/2025\/01\/Myanne-Moller-50x58-Sommerstemning-50x50-WordPress.jpg?fit=257%2C300&amp;ssl=1\" class=\"attachment-medium size-medium\" alt=\"\" aria-describedby=\"gallery-2-1965\" srcset=\"https:\/\/i0.wp.com\/stardk.com\/CemaPhoto\/wp-content\/uploads\/2025\/01\/Myanne-Moller-50x58-Sommerstemning-50x50-WordPress.jpg?w=857&amp;ssl=1 857w, https:\/\/i0.wp.com\/stardk.com\/CemaPhoto\/wp-content\/uploads\/2025\/01\/Myanne-Moller-50x58-Sommerstemning-50x50-WordPress.jpg?resize=257%2C300&amp;ssl=1 257w, https:\/\/i0.wp.com\/stardk.com\/CemaPhoto\/wp-content\/uploads\/2025\/01\/Myanne-Moller-50x58-Sommerstemning-50x50-WordPress.jpg?resize=768%2C896&amp;ssl=1 768w, https:\/\/i0.wp.com\/stardk.com\/CemaPhoto\/wp-content\/uploads\/2025\/01\/Myanne-Moller-50x58-Sommerstemning-50x50-WordPress.jpg?resize=300%2C350&amp;ssl=1 300w, https:\/\/i0.wp.com\/stardk.com\/CemaPhoto\/wp-content\/uploads\/2025\/01\/Myanne-Moller-50x58-Sommerstemning-50x50-WordPress.jpg?resize=600%2C700&amp;ssl=1 600w\" sizes=\"(max-width: 257px) 100vw, 257px\" \/>\n\t\t\t<\/div>\n\t\t\t\t<figcaption class='wp-caption-text gallery-caption' id='gallery-2-1965'>\n\t\t\t\tSommerstemning 50&#215;50\n\t\t\t\t<\/figcaption><\/figure>\n\t\t<\/div>\n\t\t<\/div>\n\t\t\t\t\t\t<\/div>\n\t\t\t\t<\/div>\n\t\t\t\t<div class=\"elementor-element elementor-element-3e21c62 elementor-align-center elementor-widget elementor-widget-button\" data-id=\"3e21c62\" data-element_type=\"widget\" data-e-type=\"widget\" data-widget_type=\"button.default\">\n\t\t\t\t<div class=\"elementor-widget-container\">\n\t\t\t\t\t\t\t\t\t<div class=\"elementor-button-wrapper\">\n\t\t\t\t\t<a class=\"elementor-button elementor-button-link elementor-size-xl\" href=\"https:\/\/stardk.com\/CemaPhoto\/kunstnerne\/\">\n\t\t\t\t\t\t<span class=\"elementor-button-content-wrapper\">\n\t\t\t\t\t\t<span class=\"elementor-button-icon\">\n\t\t\t\t<i aria-hidden=\"true\" class=\"far fa-arrow-alt-circle-left\"><\/i>\t\t\t<\/span>\n\t\t\t\t\t\t\t\t<\/span>\n\t\t\t\t\t<\/a>\n\t\t\t\t<\/div>\n\t\t\t\t\t\t\t\t<\/div>\n\t\t\t\t<\/div>\n\t\t\t\t<div class=\"elementor-element elementor-element-d27e6b8 elementor-widget elementor-widget-spacer\" data-id=\"d27e6b8\" data-element_type=\"widget\" data-e-type=\"widget\" data-widget_type=\"spacer.default\">\n\t\t\t\t<div class=\"elementor-widget-container\">\n\t\t\t\t\t\t\t<div class=\"elementor-spacer\">\n\t\t\t<div class=\"elementor-spacer-inner\"><\/div>\n\t\t<\/div>\n\t\t\t\t\t\t<\/div>\n\t\t\t\t<\/div>\n\t\t\t\t\t<\/div>\n\t\t<\/div>\n\t\t\t\t\t<\/div>\n\t\t<\/section>\n\t\t\t\t<\/div>\n\t\t","protected":false},"excerpt":{"rendered":"<p>Myanne M\u00f8ller &#8211; Galleri Himmelske kvinder 70&#215;90 Kvinden i sort 70&#215;90 Det indre lys 70X90 Barn og voksen 70&#215;90 Ung k\u00e6rlighed 70&#215;80 P\u00e5 vej 70&#215;80 Kattesj\u00e6le 70&#215;80 Jeg ser 70&#215;80 Dr\u00f8mmen 50&#215;100 Og solen br\u00f8d igennem 50&#215;100 Sommerstemning 50&#215;50<\/p>\n","protected":false},"author":1,"featured_media":0,"parent":0,"menu_order":0,"comment_status":"closed","ping_status":"closed","template":"","meta":{"om_disable_all_campaigns":false,"_monsterinsights_skip_tracking":false,"_monsterinsights_sitenote_active":false,"_monsterinsights_sitenote_note":"","_monsterinsights_sitenote_category":0,"_uf_show_specific_survey":0,"_uf_disable_surveys":false,"site-sidebar-layout":"no-sidebar","site-content-layout":"page-builder","ast-site-content-layout":"default","site-content-style":"default","site-sidebar-style":"default","ast-global-header-display":"","ast-banner-title-visibility":"","ast-main-header-display":"","ast-hfb-above-header-display":"","ast-hfb-below-header-display":"","ast-hfb-mobile-header-display":"","site-post-title":"disabled","ast-breadcrumbs-content":"","ast-featured-img":"disabled","footer-sml-layout":"","theme-transparent-header-meta":"default","adv-header-id-meta":"","stick-header-meta":"","header-above-stick-meta":"","header-main-stick-meta":"","header-below-stick-meta":"","astra-migrate-meta-layouts":"default","ast-page-background-enabled":"default","ast-page-background-meta":{"desktop":{"background-color":"","background-image":"","background-repeat":"repeat","background-position":"center center","background-size":"auto","background-attachment":"scroll","background-type":"","background-media":"","overlay-type":"","overlay-color":"","overlay-opacity":"","overlay-gradient":""},"tablet":{"background-color":"","background-image":"","background-repeat":"repeat","background-position":"center center","background-size":"auto","background-attachment":"scroll","background-type":"","background-media":"","overlay-type":"","overlay-color":"","overlay-opacity":"","overlay-gradient":""},"mobile":{"background-color":"","background-image":"","background-repeat":"repeat","background-position":"center center","background-size":"auto","background-attachment":"scroll","background-type":"","background-media":"","overlay-type":"","overlay-color":"","overlay-opacity":"","overlay-gradient":""}},"ast-content-background-meta":{"desktop":{"background-color":"var(--ast-global-color-5)","background-image":"","background-repeat":"repeat","background-position":"center center","background-size":"auto","background-attachment":"scroll","background-type":"","background-media":"","overlay-type":"","overlay-color":"","overlay-opacity":"","overlay-gradient":""},"tablet":{"background-color":"var(--ast-global-color-5)","background-image":"","background-repeat":"repeat","background-position":"center center","background-size":"auto","background-attachment":"scroll","background-type":"","background-media":"","overlay-type":"","overlay-color":"","overlay-opacity":"","overlay-gradient":""},"mobile":{"background-color":"var(--ast-global-color-5)","background-image":"","background-repeat":"repeat","background-position":"center center","background-size":"auto","background-attachment":"scroll","background-type":"","background-media":"","overlay-type":"","overlay-color":"","overlay-opacity":"","overlay-gradient":""}},"footnotes":""},"class_list":["post-1976","page","type-page","status-publish","hentry"],"aioseo_notices":[],"jetpack_sharing_enabled":true,"_links":{"self":[{"href":"https:\/\/stardk.com\/CemaPhoto\/wp-json\/wp\/v2\/pages\/1976","targetHints":{"allow":["GET"]}}],"collection":[{"href":"https:\/\/stardk.com\/CemaPhoto\/wp-json\/wp\/v2\/pages"}],"about":[{"href":"https:\/\/stardk.com\/CemaPhoto\/wp-json\/wp\/v2\/types\/page"}],"author":[{"embeddable":true,"href":"https:\/\/stardk.com\/CemaPhoto\/wp-json\/wp\/v2\/users\/1"}],"replies":[{"embeddable":true,"href":"https:\/\/stardk.com\/CemaPhoto\/wp-json\/wp\/v2\/comments?post=1976"}],"version-history":[{"count":5,"href":"https:\/\/stardk.com\/CemaPhoto\/wp-json\/wp\/v2\/pages\/1976\/revisions"}],"predecessor-version":[{"id":1983,"href":"https:\/\/stardk.com\/CemaPhoto\/wp-json\/wp\/v2\/pages\/1976\/revisions\/1983"}],"wp:attachment":[{"href":"https:\/\/stardk.com\/CemaPhoto\/wp-json\/wp\/v2\/media?parent=1976"}],"curies":[{"name":"wp","href":"https:\/\/api.w.org\/{rel}","templated":true}]}}